{"id":2780,"date":"2025-04-28T10:28:20","date_gmt":"2025-04-28T07:28:20","guid":{"rendered":"https:\/\/laplandvillas.com\/?page_id=2780"},"modified":"2026-02-17T10:03:05","modified_gmt":"2026-02-17T08:03:05","slug":"integritetspolicy","status":"publish","type":"page","link":"https:\/\/laplandvillas.com\/sv\/tietosuojaseloste\/","title":{"rendered":"Integritetspolicy"},"content":{"rendered":"<div data-elementor-type=\"wp-page\" data-elementor-id=\"2780\" class=\"elementor elementor-2780\" data-elementor-post-type=\"page\">\n\t\t\t\t<div data-particle_enable=\"false\" data-particle-mobile-disabled=\"false\" class=\"elementor-element elementor-element-759985cd e-con-full e-flex e-con e-parent\" data-id=\"759985cd\" data-element_type=\"container\" data-e-type=\"container\" data-settings=\"{&quot;background_background&quot;:&quot;classic&quot;,&quot;shape_divider_bottom&quot;:&quot;waves&quot;}\">\n\t\t\t\t<div class=\"elementor-shape elementor-shape-bottom\" aria-hidden=\"true\" data-negative=\"false\">\n\t\t\t<svg xmlns=\"http:\/\/www.w3.org\/2000\/svg\" viewbox=\"0 0 1000 100\" preserveaspectratio=\"none\">\n\t<path class=\"elementor-shape-fill\" d=\"M421.9,6.5c22.6-2.5,51.5,0.4,75.5,5.3c23.6,4.9,70.9,23.5,100.5,35.7c75.8,32.2,133.7,44.5,192.6,49.7\tc23.6,2.1,48.7,3.5,103.4-2.5c54.7-6,106.2-25.6,106.2-25.6V0H0v30.3c0,0,72,32.6,158.4,30.5c39.2-0.7,92.8-6.7,134-22.4\tc21.2-8.1,52.2-18.2,79.7-24.2C399.3,7.9,411.6,7.5,421.9,6.5z\"\/>\n<\/svg>\t\t<\/div>\n\t\t\t\t<div class=\"elementor-element elementor-element-df5f999 animated-fast elementor-invisible elementor-widget elementor-widget-heading\" data-id=\"df5f999\" data-element_type=\"widget\" data-e-type=\"widget\" data-settings=\"{&quot;_animation&quot;:&quot;fadeIn&quot;}\" data-widget_type=\"heading.default\">\n\t\t\t\t<div class=\"elementor-widget-container\">\n\t\t\t\t\t<h2 class=\"elementor-heading-title elementor-size-default\">Lapland Villas<\/h2>\t\t\t\t<\/div>\n\t\t\t\t<\/div>\n\t\t\t\t<div class=\"elementor-element elementor-element-8c58888 animated-fast elementor-invisible elementor-widget elementor-widget-heading\" data-id=\"8c58888\" data-element_type=\"widget\" data-e-type=\"widget\" data-settings=\"{&quot;_animation&quot;:&quot;fadeIn&quot;}\" data-widget_type=\"heading.default\">\n\t\t\t\t<div class=\"elementor-widget-container\">\n\t\t\t\t\t<h1 class=\"elementor-heading-title elementor-size-default\">Integritetspolicy<\/h1>\t\t\t\t<\/div>\n\t\t\t\t<\/div>\n\t\t\t\t<\/div>\n\t\t<div data-particle_enable=\"false\" data-particle-mobile-disabled=\"false\" class=\"elementor-element elementor-element-75db000a e-flex e-con-boxed e-con e-parent\" data-id=\"75db000a\" data-element_type=\"container\" data-e-type=\"container\" data-settings=\"{&quot;background_background&quot;:&quot;classic&quot;,&quot;shape_divider_bottom&quot;:&quot;waves&quot;}\">\n\t\t\t\t\t<div class=\"e-con-inner\">\n\t\t\t\t<div class=\"elementor-shape elementor-shape-bottom\" aria-hidden=\"true\" data-negative=\"false\">\n\t\t\t<svg xmlns=\"http:\/\/www.w3.org\/2000\/svg\" viewbox=\"0 0 1000 100\" preserveaspectratio=\"none\">\n\t<path class=\"elementor-shape-fill\" d=\"M421.9,6.5c22.6-2.5,51.5,0.4,75.5,5.3c23.6,4.9,70.9,23.5,100.5,35.7c75.8,32.2,133.7,44.5,192.6,49.7\tc23.6,2.1,48.7,3.5,103.4-2.5c54.7-6,106.2-25.6,106.2-25.6V0H0v30.3c0,0,72,32.6,158.4,30.5c39.2-0.7,92.8-6.7,134-22.4\tc21.2-8.1,52.2-18.2,79.7-24.2C399.3,7.9,411.6,7.5,421.9,6.5z\"\/>\n<\/svg>\t\t<\/div>\n\t\t\t\t<div class=\"elementor-element elementor-element-600e4b0 elementor-widget elementor-widget-text-editor\" data-id=\"600e4b0\" data-element_type=\"widget\" data-e-type=\"widget\" data-widget_type=\"text-editor.default\">\n\t\t\t\t<div class=\"elementor-widget-container\">\n\t\t\t\t\t\t\t\t\t<h3 id=\"Rekisteri--ja-tietosuojaseloste\" data-renderer-start-pos=\"167\">Register och integritetspolicy<\/h3><p data-renderer-start-pos=\"200\">Detta \u00e4r Lapland Villas:s integritets- och dataskyddsf\u00f6rklaring i enlighet med EU:s allm\u00e4nna dataskyddsf\u00f6rordning (GDPR). Etablerad 29.04.2025.<\/p><h4 id=\"Rekisterinpit\u00e4j\u00e4\" data-renderer-start-pos=\"327\">Styrenhet<\/h4><p class=\"company-info__company-title org\">Lappland Chalets Oy<\/p><p data-renderer-start-pos=\"360\">+358415474077<\/p><p data-renderer-start-pos=\"373\">Kiviniemi Rantatie 3 A, <br \/>FIN-90810 Kiviniemi<\/p><h4 id=\"Tietosuojaan-liittyv\u00e4t-pyynn\u00f6t\" data-renderer-start-pos=\"400\">F\u00f6rfr\u00e5gningar relaterade till dataskydd<\/h4><p data-renderer-start-pos=\"432\">Beg\u00e4ran om dataskydd hanteras av\u00a0<a href=\"https:\/\/louru.fi\/\" target=\"_blank\" rel=\"noopener\">Louru Oy<\/a>.<\/p><h4 id=\"Rekisterin-nimi\" data-renderer-start-pos=\"471\">Registrets namn<\/h4><p data-renderer-start-pos=\"488\">Lapland Villas online anv\u00e4ndarregister f\u00f6r tj\u00e4nster.<\/p><h4 id=\"Henkil\u00f6tietojen-k\u00e4sittelyn-tarkoitus\" data-renderer-start-pos=\"537\">\u00c4ndam\u00e5let med behandlingen av personuppgifter<\/h4><p data-renderer-start-pos=\"575\">\u00c4ndam\u00e5let med behandlingen av personuppgifter \u00e4r att kontakta kunder, uppr\u00e4tth\u00e5lla kundrelationer och marknadsf\u00f6ring. Dessutom kan den insamlade informationen anv\u00e4ndas f\u00f6r att utveckla onlinetj\u00e4nsten. Uppgifterna kommer inte att anv\u00e4ndas f\u00f6r automatiserat beslutsfattande eller profilering.<\/p><h4 id=\"Rekisterin-tietosis\u00e4lt\u00f6\" data-renderer-start-pos=\"826\">Datainneh\u00e5ll i registret<\/h4><p data-renderer-start-pos=\"851\">De uppgifter som ska registreras i registret \u00e4r: Personens namn, f\u00f6retagets namn, kontaktuppgifter (telefonnummer, e-postadress, adress), webbadresser, information om best\u00e4llda tj\u00e4nster och \u00e4ndringar i dessa, faktureringsinformation, annan information som r\u00f6r kundrelationen och best\u00e4llda tj\u00e4nster.<\/p><p data-renderer-start-pos=\"1145\">Uppgifterna kommer att sparas tillsvidare.<\/p><h4 id=\"S\u00e4\u00e4nn\u00f6nmukaiset-tietol\u00e4hteet\" data-renderer-start-pos=\"1179\">Regelbundna informationsk\u00e4llor<\/h4><p data-renderer-start-pos=\"1209\">De uppgifter som lagras i registret f\u00e5s av kunden via e-post, telefon, sociala medier, avtal, kundm\u00f6ten och andra situationer d\u00e4r kunden l\u00e4mnar ut sina uppgifter.<\/p><p data-renderer-start-pos=\"1423\">Information om kontaktpersoner hos f\u00f6retag och andra organisationer kan ocks\u00e5 samlas in fr\u00e5n offentliga k\u00e4llor som webbplatser, katalogtj\u00e4nster och andra f\u00f6retag.<\/p><h4 id=\"Tietojen-siirto-EU:n-tai-ETA:n-ulkopuolelle\" data-renderer-start-pos=\"1594\">\u00d6verf\u00f6ring av uppgifter utanf\u00f6r EU eller EES<\/h4><p data-renderer-start-pos=\"1639\">Uppgifterna l\u00e4mnas inte regelbundet ut till andra parter. Uppgifterna kan publiceras i den omfattning som avtalats med kunden. Uppgifter kan ocks\u00e5 komma att \u00f6verf\u00f6ras utanf\u00f6r EU eller EES av den personuppgiftsansvarige.<\/p><h4 id=\"Rekisterin-suojauksen-periaatteet\" data-renderer-start-pos=\"1857\">Principer f\u00f6r skydd av registret<\/h4><p data-renderer-start-pos=\"1892\">Den personuppgiftsansvarige ska se till att lagrade uppgifter, server\u00e5tkomstr\u00e4ttigheter och annan information som \u00e4r kritisk f\u00f6r personuppgifternas s\u00e4kerhet behandlas konfidentiellt och endast av anst\u00e4llda vars arbetsbeskrivning omfattar detta.<\/p><h4 id=\"Riskit\" data-renderer-start-pos=\"2156\">Risker<\/h4><p data-renderer-start-pos=\"2164\">Risker relaterade till personuppgifter inkluderar datal\u00e4ckage. Personuppgifter som lagras i registret \u00e4r skyddade mot obeh\u00f6rig \u00e5tkomst, oavsiktlig eller olaglig f\u00f6rst\u00f6ring, \u00e4ndring, utl\u00e4mning, \u00f6verf\u00f6ring eller andra olagliga former av behandling.<\/p><h4 id=\"Tarkastusoikeus-ja-henkil\u00f6tietojen-k\u00e4sittelyyn-liittyv\u00e4t-oikeudet\" data-renderer-start-pos=\"2457\">R\u00e4tt till tillg\u00e5ng och r\u00e4ttigheter avseende behandling av personuppgifter<\/h4><p data-renderer-start-pos=\"2524\">Varje person i registret har r\u00e4tt att ta del av de uppgifter som finns registrerade i registret och beg\u00e4ra r\u00e4ttelse av felaktiga eller ofullst\u00e4ndiga uppgifter.<\/p><p data-renderer-start-pos=\"2716\">Om en person vill kontrollera vilka uppgifter som finns lagrade om honom eller henne, beg\u00e4ra r\u00e4ttelse eller beg\u00e4ra att personuppgifter som r\u00f6r honom eller henne raderas, ska beg\u00e4ran skickas skriftligen till den personuppgiftsansvarige. Den personuppgiftsansvarige kan vid behov be den s\u00f6kande att styrka sin identitet. Den personuppgiftsansvarige svarar kunden inom de tidsfrister som anges i EU:s allm\u00e4nna dataskyddsf\u00f6rordning (i regel inom en m\u00e5nad).<\/p><h4 id=\"Ev\u00e4steet-ja-k\u00e4vij\u00e4seuranta\" data-renderer-start-pos=\"3117\">Cookies och bes\u00f6kssp\u00e5rning<\/h4><p data-renderer-start-pos=\"3145\">Data och statistik om webbplatsbes\u00f6kare lagras via webbanalystj\u00e4nsten Google Analytics p\u00e5 Googles servrar, som ocks\u00e5 kan vara bel\u00e4gna utanf\u00f6r EES (i l\u00e4nder som omfattas av Privacy Shield).<\/p><h4 id=\"Mit\u00e4-ev\u00e4steet-ovat?\" data-renderer-start-pos=\"3350\">Vad \u00e4r cookies?<\/h4><p data-renderer-start-pos=\"3371\">Cookies \u00e4r sm\u00e5 textfiler som lagras p\u00e5 en anv\u00e4ndares enhet n\u00e4r denne bes\u00f6ker en webbplats. Vid varje bes\u00f6k skickas dessa cookies tillbaka till den webbplats som identifierar cookien. Cookies kan t.ex. anv\u00e4ndas f\u00f6r att identifiera anv\u00e4ndarens enhet, f\u00f6r att lagra de val som anv\u00e4ndaren g\u00f6r p\u00e5 webbplatsen och f\u00f6r att lagra inloggningsinformation. Cookies kan ocks\u00e5 anv\u00e4ndas f\u00f6r att sp\u00e5ra bes\u00f6kare, t.ex. f\u00f6r att f\u00f6rb\u00e4ttra anv\u00e4ndarupplevelsen och rikta reklam.<\/p><h4 id=\"Verkkosivustolla-k\u00e4ytett\u00e4v\u00e4t-ev\u00e4steet\" data-renderer-start-pos=\"3877\">Cookies som anv\u00e4nds p\u00e5 webbplatsen<\/h4><p data-renderer-start-pos=\"3916\">Denna webbplats anv\u00e4nder Google Analytics, en webbanalystj\u00e4nst som anv\u00e4nder cookies f\u00f6r att sp\u00e5ra bes\u00f6kare. Google Analytics-cookies kan anv\u00e4ndas f\u00f6r att samla in information s\u00e5som<\/p><ul class=\"ak-ul\" data-indent-level=\"1\"><li><p data-renderer-start-pos=\"4113\">fr\u00e5n<\/p><\/li><li><p data-renderer-start-pos=\"4127\">plats<\/p><\/li><li><p data-renderer-start-pos=\"4142\">bes\u00f6kta sidor (p\u00e5 den h\u00e4r webbplatsen)<\/p><\/li><li><p data-renderer-start-pos=\"4187\">fr\u00e5n de \u00f6ppna l\u00e4nkarna<\/p><\/li><li><p data-renderer-start-pos=\"4210\">om bes\u00f6kstider<\/p><\/li><li><p data-renderer-start-pos=\"4228\">ankomstk\u00e4llan.<\/p><\/li><\/ul><p data-renderer-start-pos=\"4250\">Denna webbplats kan inneh\u00e5lla inb\u00e4ddat inneh\u00e5ll fr\u00e5n andra k\u00e4llor. Nedladdning av eller \u00e5tkomst till inb\u00e4ddat inneh\u00e5ll \u00e4r j\u00e4mf\u00f6rbart med att bes\u00f6ka en tredje parts webbplats.<\/p><h4 id=\"Ker\u00e4ttyjen-tietojen-kohdentaminen-henkil\u00f6\u00f6n\" data-renderer-start-pos=\"4456\">Rikta de insamlade uppgifterna till en person<\/h4><p data-renderer-start-pos=\"4501\">Ingen av de insamlade uppgifterna kan h\u00e4nf\u00f6ras till enskilda personer, eftersom IP-adresser och annan identifierande information om enskilda personer har tagits bort fr\u00e5n rapporterna. Google Analytics-rapporterna ger indikativa siffror om antalet bes\u00f6kare, information om deras enheter och deras beteende p\u00e5 denna webbplats.<\/p>\t\t\t\t\t\t\t\t<\/div>\n\t\t\t\t<\/div>\n\t\t\t\t\t<\/div>\n\t\t\t\t<\/div>\n\t\t<div data-particle_enable=\"false\" data-particle-mobile-disabled=\"false\" class=\"elementor-element elementor-element-99328a6 e-con-full e-flex e-con e-parent\" data-id=\"99328a6\" data-element_type=\"container\" data-e-type=\"container\" data-settings=\"{&quot;background_background&quot;:&quot;classic&quot;}\">\n\t\t\t\t<div class=\"elementor-element elementor-element-6f52fa3 elementor-widget elementor-widget-heading\" data-id=\"6f52fa3\" data-element_type=\"widget\" data-e-type=\"widget\" data-widget_type=\"heading.default\">\n\t\t\t\t<div class=\"elementor-widget-container\">\n\t\t\t\t\t<h3 class=\"elementor-heading-title elementor-size-default\">Se \u00e4ven nedan:<\/h3>\t\t\t\t<\/div>\n\t\t\t\t<\/div>\n\t\t\t\t<\/div>\n\t\t<div data-particle_enable=\"false\" data-particle-mobile-disabled=\"false\" class=\"elementor-element elementor-element-43534b5 e-flex e-con-boxed e-con e-parent\" data-id=\"43534b5\" data-element_type=\"container\" data-e-type=\"container\" data-settings=\"{&quot;background_background&quot;:&quot;classic&quot;}\">\n\t\t\t\t\t<div class=\"e-con-inner\">\n\t\t<div data-particle_enable=\"false\" data-particle-mobile-disabled=\"false\" class=\"elementor-element elementor-element-0476574 e-con-full e-flex e-con e-child\" data-id=\"0476574\" data-element_type=\"container\" data-e-type=\"container\">\n\t\t\t\t<div class=\"elementor-element elementor-element-57559d5 elementor-align-center elementor-mobile-align-center elementor-widget-mobile__width-inherit elementor-tablet-align-left elementor-widget elementor-widget-button\" data-id=\"57559d5\" data-element_type=\"widget\" data-e-type=\"widget\" data-widget_type=\"button.default\">\n\t\t\t\t<div class=\"elementor-widget-container\">\n\t\t\t\t\t\t\t\t\t<div class=\"elementor-button-wrapper\">\n\t\t\t\t\t<a class=\"elementor-button elementor-button-link elementor-size-sm\" href=\"https:\/\/laplandvillas.com\/sv\/mokit-ruka\/\">\n\t\t\t\t\t\t<span class=\"elementor-button-content-wrapper\">\n\t\t\t\t\t\t\t\t\t<span class=\"elementor-button-text\">Stugor i Ruka<\/span>\n\t\t\t\t\t<\/span>\n\t\t\t\t\t<\/a>\n\t\t\t\t<\/div>\n\t\t\t\t\t\t\t\t<\/div>\n\t\t\t\t<\/div>\n\t\t\t\t<\/div>\n\t\t<div data-particle_enable=\"false\" data-particle-mobile-disabled=\"false\" class=\"elementor-element elementor-element-c9f69f5 e-con-full e-flex e-con e-child\" data-id=\"c9f69f5\" data-element_type=\"container\" data-e-type=\"container\">\n\t\t\t\t<div class=\"elementor-element elementor-element-19a39a8 elementor-align-center elementor-mobile-align-center elementor-widget-mobile__width-inherit elementor-tablet-align-left elementor-widget elementor-widget-button\" data-id=\"19a39a8\" data-element_type=\"widget\" data-e-type=\"widget\" data-widget_type=\"button.default\">\n\t\t\t\t<div class=\"elementor-widget-container\">\n\t\t\t\t\t\t\t\t\t<div class=\"elementor-button-wrapper\">\n\t\t\t\t\t<a class=\"elementor-button elementor-button-link elementor-size-sm\" href=\"https:\/\/laplandvillas.com\/sv\/mokit-pyha-luosto\/\">\n\t\t\t\t\t\t<span class=\"elementor-button-content-wrapper\">\n\t\t\t\t\t\t\t\t\t<span class=\"elementor-button-text\">Stugor Pyh\u00e4-Luostolla<\/span>\n\t\t\t\t\t<\/span>\n\t\t\t\t\t<\/a>\n\t\t\t\t<\/div>\n\t\t\t\t\t\t\t\t<\/div>\n\t\t\t\t<\/div>\n\t\t\t\t<\/div>\n\t\t<div data-particle_enable=\"false\" data-particle-mobile-disabled=\"false\" class=\"elementor-element elementor-element-c8e923e e-con-full e-flex e-con e-child\" data-id=\"c8e923e\" data-element_type=\"container\" data-e-type=\"container\">\n\t\t\t\t<div class=\"elementor-element elementor-element-dc161d5 elementor-align-center elementor-mobile-align-center elementor-widget-mobile__width-inherit elementor-tablet-align-center elementor-widget elementor-widget-button\" data-id=\"dc161d5\" data-element_type=\"widget\" data-e-type=\"widget\" data-widget_type=\"button.default\">\n\t\t\t\t<div class=\"elementor-widget-container\">\n\t\t\t\t\t\t\t\t\t<div class=\"elementor-button-wrapper\">\n\t\t\t\t\t<a class=\"elementor-button elementor-button-link elementor-size-sm\" href=\"https:\/\/laplandvillas.com\/sv\/#ajankohtaista\">\n\t\t\t\t\t\t<span class=\"elementor-button-content-wrapper\">\n\t\t\t\t\t\t\t\t\t<span class=\"elementor-button-text\">Aktuellt<\/span>\n\t\t\t\t\t<\/span>\n\t\t\t\t\t<\/a>\n\t\t\t\t<\/div>\n\t\t\t\t\t\t\t\t<\/div>\n\t\t\t\t<\/div>\n\t\t\t\t<\/div>\n\t\t\t\t\t<\/div>\n\t\t\t\t<\/div>\n\t\t\t\t<\/div>","protected":false},"excerpt":{"rendered":"<p>Lapland Villas Tietosuoja&shy;seloste Rekisteri- ja tietosuojaseloste T\u00e4m\u00e4 on Lapland Villasin EU:n yleisen tietosuoja-asetuksen (GDPR) mukainen rekisteri- ja tietosuojaseloste. Laadittu 29.04.2025. Rekisterinpit\u00e4j\u00e4 Lapland Chalets Oy +358415474077 Kiviniemen Rantatie 3 A, FIN-90810 Kiviniemi Tietosuojaan liittyv\u00e4t pyynn\u00f6t Tietosuojapyynn\u00f6ist\u00e4 vastaa\u00a0Louru Oy. Rekisterin nimi Lapland Villas verkkopalvelun k\u00e4ytt\u00e4j\u00e4rekisteri. Henkil\u00f6tietojen k\u00e4sittelyn tarkoitus Henkil\u00f6tietojen k\u00e4sittelyn tarkoitus on yhteydenpito asiakkaisiin, asiakassuhteen yll\u00e4pito ja [&hellip;]<\/p>\n","protected":false},"author":1,"featured_media":0,"parent":0,"menu_order":0,"comment_status":"closed","ping_status":"closed","template":"elementor_header_footer","meta":{"_acf_changed":false,"footnotes":""},"class_list":["post-2780","page","type-page","status-publish","hentry"],"acf":[],"_links":{"self":[{"href":"https:\/\/laplandvillas.com\/sv\/wp-json\/wp\/v2\/pages\/2780","targetHints":{"allow":["GET"]}}],"collection":[{"href":"https:\/\/laplandvillas.com\/sv\/wp-json\/wp\/v2\/pages"}],"about":[{"href":"https:\/\/laplandvillas.com\/sv\/wp-json\/wp\/v2\/types\/page"}],"author":[{"embeddable":true,"href":"https:\/\/laplandvillas.com\/sv\/wp-json\/wp\/v2\/users\/1"}],"replies":[{"embeddable":true,"href":"https:\/\/laplandvillas.com\/sv\/wp-json\/wp\/v2\/comments?post=2780"}],"version-history":[{"count":103,"href":"https:\/\/laplandvillas.com\/sv\/wp-json\/wp\/v2\/pages\/2780\/revisions"}],"predecessor-version":[{"id":4105,"href":"https:\/\/laplandvillas.com\/sv\/wp-json\/wp\/v2\/pages\/2780\/revisions\/4105"}],"wp:attachment":[{"href":"https:\/\/laplandvillas.com\/sv\/wp-json\/wp\/v2\/media?parent=2780"}],"curies":[{"name":"wp","href":"https:\/\/api.w.org\/{rel}","templated":true}]}}