{"id":2780,"date":"2025-04-28T10:28:20","date_gmt":"2025-04-28T07:28:20","guid":{"rendered":"https:\/\/laplandvillas.com\/?page_id=2780"},"modified":"2026-02-17T10:03:05","modified_gmt":"2026-02-17T08:03:05","slug":"politica-de-privacidade","status":"publish","type":"page","link":"https:\/\/laplandvillas.com\/pt\/tietosuojaseloste\/","title":{"rendered":"Pol\u00edtica de privacidade"},"content":{"rendered":"<div data-elementor-type=\"wp-page\" data-elementor-id=\"2780\" class=\"elementor elementor-2780\" data-elementor-post-type=\"page\">\n\t\t\t\t<div data-particle_enable=\"false\" data-particle-mobile-disabled=\"false\" class=\"elementor-element elementor-element-759985cd e-con-full e-flex e-con e-parent\" data-id=\"759985cd\" data-element_type=\"container\" data-e-type=\"container\" data-settings=\"{&quot;background_background&quot;:&quot;classic&quot;,&quot;shape_divider_bottom&quot;:&quot;waves&quot;}\">\n\t\t\t\t<div class=\"elementor-shape elementor-shape-bottom\" aria-hidden=\"true\" data-negative=\"false\">\n\t\t\t<svg xmlns=\"http:\/\/www.w3.org\/2000\/svg\" viewbox=\"0 0 1000 100\" preserveaspectratio=\"none\">\n\t<path class=\"elementor-shape-fill\" d=\"M421.9,6.5c22.6-2.5,51.5,0.4,75.5,5.3c23.6,4.9,70.9,23.5,100.5,35.7c75.8,32.2,133.7,44.5,192.6,49.7\tc23.6,2.1,48.7,3.5,103.4-2.5c54.7-6,106.2-25.6,106.2-25.6V0H0v30.3c0,0,72,32.6,158.4,30.5c39.2-0.7,92.8-6.7,134-22.4\tc21.2-8.1,52.2-18.2,79.7-24.2C399.3,7.9,411.6,7.5,421.9,6.5z\"\/>\n<\/svg>\t\t<\/div>\n\t\t\t\t<div class=\"elementor-element elementor-element-df5f999 animated-fast elementor-invisible elementor-widget elementor-widget-heading\" data-id=\"df5f999\" data-element_type=\"widget\" data-e-type=\"widget\" data-settings=\"{&quot;_animation&quot;:&quot;fadeIn&quot;}\" data-widget_type=\"heading.default\">\n\t\t\t\t<div class=\"elementor-widget-container\">\n\t\t\t\t\t<h2 class=\"elementor-heading-title elementor-size-default\">Lapland Villas<\/h2>\t\t\t\t<\/div>\n\t\t\t\t<\/div>\n\t\t\t\t<div class=\"elementor-element elementor-element-8c58888 animated-fast elementor-invisible elementor-widget elementor-widget-heading\" data-id=\"8c58888\" data-element_type=\"widget\" data-e-type=\"widget\" data-settings=\"{&quot;_animation&quot;:&quot;fadeIn&quot;}\" data-widget_type=\"heading.default\">\n\t\t\t\t<div class=\"elementor-widget-container\">\n\t\t\t\t\t<h1 class=\"elementor-heading-title elementor-size-default\">Pol\u00edtica de privacidade<\/h1>\t\t\t\t<\/div>\n\t\t\t\t<\/div>\n\t\t\t\t<\/div>\n\t\t<div data-particle_enable=\"false\" data-particle-mobile-disabled=\"false\" class=\"elementor-element elementor-element-75db000a e-flex e-con-boxed e-con e-parent\" data-id=\"75db000a\" data-element_type=\"container\" data-e-type=\"container\" data-settings=\"{&quot;background_background&quot;:&quot;classic&quot;,&quot;shape_divider_bottom&quot;:&quot;waves&quot;}\">\n\t\t\t\t\t<div class=\"e-con-inner\">\n\t\t\t\t<div class=\"elementor-shape elementor-shape-bottom\" aria-hidden=\"true\" data-negative=\"false\">\n\t\t\t<svg xmlns=\"http:\/\/www.w3.org\/2000\/svg\" viewbox=\"0 0 1000 100\" preserveaspectratio=\"none\">\n\t<path class=\"elementor-shape-fill\" d=\"M421.9,6.5c22.6-2.5,51.5,0.4,75.5,5.3c23.6,4.9,70.9,23.5,100.5,35.7c75.8,32.2,133.7,44.5,192.6,49.7\tc23.6,2.1,48.7,3.5,103.4-2.5c54.7-6,106.2-25.6,106.2-25.6V0H0v30.3c0,0,72,32.6,158.4,30.5c39.2-0.7,92.8-6.7,134-22.4\tc21.2-8.1,52.2-18.2,79.7-24.2C399.3,7.9,411.6,7.5,421.9,6.5z\"\/>\n<\/svg>\t\t<\/div>\n\t\t\t\t<div class=\"elementor-element elementor-element-600e4b0 elementor-widget elementor-widget-text-editor\" data-id=\"600e4b0\" data-element_type=\"widget\" data-e-type=\"widget\" data-widget_type=\"text-editor.default\">\n\t\t\t\t<div class=\"elementor-widget-container\">\n\t\t\t\t\t\t\t\t\t<h3 id=\"Rekisteri--ja-tietosuojaseloste\" data-renderer-start-pos=\"167\">Registo e Pol\u00edtica de Privacidade<\/h3><p data-renderer-start-pos=\"200\">Esta \u00e9 a Declara\u00e7\u00e3o de Privacidade e Prote\u00e7\u00e3o de Dados do Lapland Villas, em conformidade com o Regulamento Geral de Prote\u00e7\u00e3o de Dados da UE (RGPD). Estabelecida em 29.04.2025.<\/p><h4 id=\"Rekisterinpit\u00e4j\u00e4\" data-renderer-start-pos=\"327\">Controlador<\/h4><p class=\"company-info__company-title org\">Lapland Chalets Oy<\/p><p data-renderer-start-pos=\"360\">+358415474077<\/p><p data-renderer-start-pos=\"373\">Kiviniemi Rantatie 3 A, <br \/>FIN-90810 Kiviniemi<\/p><h4 id=\"Tietosuojaan-liittyv\u00e4t-pyynn\u00f6t\" data-renderer-start-pos=\"400\">Pedidos relacionados com a prote\u00e7\u00e3o de dados<\/h4><p data-renderer-start-pos=\"432\">Os pedidos de prote\u00e7\u00e3o de dados s\u00e3o tratados por\u00a0<a href=\"https:\/\/louru.fi\/\" target=\"_blank\" rel=\"noopener\">Louru Oy<\/a>.<\/p><h4 id=\"Rekisterin-nimi\" data-renderer-start-pos=\"471\">Nome do registo<\/h4><p data-renderer-start-pos=\"488\">Registo em linha dos utilizadores do servi\u00e7o Lapland Villas.<\/p><h4 id=\"Henkil\u00f6tietojen-k\u00e4sittelyn-tarkoitus\" data-renderer-start-pos=\"537\">Objetivo do tratamento de dados pessoais<\/h4><p data-renderer-start-pos=\"575\">O objetivo do tratamento de dados pessoais \u00e9 contactar os clientes, manter as rela\u00e7\u00f5es com os clientes e fazer marketing. Al\u00e9m disso, as informa\u00e7\u00f5es recolhidas podem ser utilizadas para desenvolver o servi\u00e7o em linha. Os dados n\u00e3o ser\u00e3o utilizados para a tomada de decis\u00f5es automatizadas ou para a defini\u00e7\u00e3o de perfis.<\/p><h4 id=\"Rekisterin-tietosis\u00e4lt\u00f6\" data-renderer-start-pos=\"826\">Conte\u00fado de dados do registo<\/h4><p data-renderer-start-pos=\"851\">Os dados a registar no registo s\u00e3o: Nome da pessoa, nome da empresa, informa\u00e7\u00f5es de contacto (n\u00famero de telefone, endere\u00e7o de correio eletr\u00f3nico, morada), endere\u00e7os do s\u00edtio Web, informa\u00e7\u00f5es sobre os servi\u00e7os encomendados e respectivas altera\u00e7\u00f5es, informa\u00e7\u00f5es de fatura\u00e7\u00e3o, outras informa\u00e7\u00f5es relacionadas com a rela\u00e7\u00e3o com o cliente e os servi\u00e7os encomendados.<\/p><p data-renderer-start-pos=\"1145\">Os dados ser\u00e3o conservados durante um per\u00edodo de tempo limitado.<\/p><h4 id=\"S\u00e4\u00e4nn\u00f6nmukaiset-tietol\u00e4hteet\" data-renderer-start-pos=\"1179\">Fontes regulares de informa\u00e7\u00e3o<\/h4><p data-renderer-start-pos=\"1209\">As informa\u00e7\u00f5es armazenadas no registo s\u00e3o obtidas do cliente atrav\u00e9s de correio eletr\u00f3nico, telefone, servi\u00e7os de redes sociais, contratos, reuni\u00f5es de clientes e outras situa\u00e7\u00f5es em que o cliente divulga as suas informa\u00e7\u00f5es.<\/p><p data-renderer-start-pos=\"1423\">As informa\u00e7\u00f5es sobre as pessoas de contacto das empresas e outras organiza\u00e7\u00f5es podem tamb\u00e9m ser recolhidas de fontes p\u00fablicas, como s\u00edtios Web, servi\u00e7os de listas telef\u00f3nicas e outras empresas.<\/p><h4 id=\"Tietojen-siirto-EU:n-tai-ETA:n-ulkopuolelle\" data-renderer-start-pos=\"1594\">Transfer\u00eancia de dados para fora da UE ou do EEE<\/h4><p data-renderer-start-pos=\"1639\">Os dados n\u00e3o s\u00e3o divulgados regularmente a outras partes. Os dados podem ser publicados na medida do acordado com o cliente. Os dados tamb\u00e9m podem ser transferidos para fora da UE ou do EEE pelo respons\u00e1vel pelo tratamento.<\/p><h4 id=\"Rekisterin-suojauksen-periaatteet\" data-renderer-start-pos=\"1857\">Princ\u00edpios para a prote\u00e7\u00e3o do registo<\/h4><p data-renderer-start-pos=\"1892\">O respons\u00e1vel pelo tratamento deve assegurar que os dados armazenados, os direitos de acesso ao servidor e outras informa\u00e7\u00f5es essenciais para a seguran\u00e7a dos dados pessoais sejam tratados confidencialmente e apenas por funcion\u00e1rios cuja descri\u00e7\u00e3o de fun\u00e7\u00f5es inclua essa fun\u00e7\u00e3o.<\/p><h4 id=\"Riskit\" data-renderer-start-pos=\"2156\">Riscos<\/h4><p data-renderer-start-pos=\"2164\">Os riscos relacionados com os dados pessoais incluem as fugas de dados. Os dados pessoais armazenados no registo est\u00e3o protegidos contra o acesso n\u00e3o autorizado, a destrui\u00e7\u00e3o acidental ou ilegal, a altera\u00e7\u00e3o, a divulga\u00e7\u00e3o, a transmiss\u00e3o ou outras formas ilegais de tratamento.<\/p><h4 id=\"Tarkastusoikeus-ja-henkil\u00f6tietojen-k\u00e4sittelyyn-liittyv\u00e4t-oikeudet\" data-renderer-start-pos=\"2457\">Direito de acesso e direitos relacionados com o tratamento de dados pessoais<\/h4><p data-renderer-start-pos=\"2524\">Todas as pessoas inscritas no registo t\u00eam o direito de consultar os dados inscritos no registo e de solicitar a retifica\u00e7\u00e3o ou o completamento de quaisquer dados inexactos ou incompletos.<\/p><p data-renderer-start-pos=\"2716\">Se uma pessoa desejar verificar os dados armazenados a seu respeito, solicitar a retifica\u00e7\u00e3o ou solicitar o apagamento dos dados pessoais que lhe dizem respeito, o pedido deve ser enviado por escrito ao respons\u00e1vel pelo tratamento. O respons\u00e1vel pelo tratamento pode, se necess\u00e1rio, pedir ao requerente que fa\u00e7a prova da sua identidade. O respons\u00e1vel pelo tratamento responder\u00e1 ao cliente dentro dos prazos estabelecidos pelo Regulamento Geral sobre a Prote\u00e7\u00e3o de Dados da UE (regra geral, no prazo de um m\u00eas).<\/p><h4 id=\"Ev\u00e4steet-ja-k\u00e4vij\u00e4seuranta\" data-renderer-start-pos=\"3117\">Cookies e rastreio de visitantes<\/h4><p data-renderer-start-pos=\"3145\">Os dados e estat\u00edsticas dos visitantes do s\u00edtio Web s\u00e3o armazenados atrav\u00e9s do servi\u00e7o de an\u00e1lise da Web Google Analytics nos servidores da Google, que tamb\u00e9m podem estar localizados fora do EEE (em pa\u00edses abrangidos pelo Escudo de Prote\u00e7\u00e3o da Privacidade).<\/p><h4 id=\"Mit\u00e4-ev\u00e4steet-ovat?\" data-renderer-start-pos=\"3350\">O que s\u00e3o bolachas?<\/h4><p data-renderer-start-pos=\"3371\">Os cookies s\u00e3o pequenos ficheiros de texto que s\u00e3o armazenados no dispositivo de um utilizador quando este visita um s\u00edtio Web. Em cada visita, estes cookies s\u00e3o enviados de volta para o s\u00edtio Web que identifica o cookie. Os cookies podem ser utilizados, por exemplo, para identificar o dispositivo do utilizador, para armazenar as escolhas feitas pelo utilizador no s\u00edtio Web e para armazenar informa\u00e7\u00f5es de in\u00edcio de sess\u00e3o. Os cookies tamb\u00e9m podem ser utilizados para rastrear os visitantes, por exemplo, para melhorar a experi\u00eancia do utilizador e direcionar a publicidade.<\/p><h4 id=\"Verkkosivustolla-k\u00e4ytett\u00e4v\u00e4t-ev\u00e4steet\" data-renderer-start-pos=\"3877\">Cookies utilizados no s\u00edtio Web<\/h4><p data-renderer-start-pos=\"3916\">Este s\u00edtio Web utiliza o Google Analytics, um servi\u00e7o de an\u00e1lise da Web que utiliza cookies para acompanhar os visitantes. Os cookies do Google Analytics podem ser utilizados para recolher informa\u00e7\u00f5es como<\/p><ul class=\"ak-ul\" data-indent-level=\"1\"><li><p data-renderer-start-pos=\"4113\">de<\/p><\/li><li><p data-renderer-start-pos=\"4127\">localiza\u00e7\u00e3o<\/p><\/li><li><p data-renderer-start-pos=\"4142\">p\u00e1ginas visitadas (neste s\u00edtio)<\/p><\/li><li><p data-renderer-start-pos=\"4187\">a partir das liga\u00e7\u00f5es abertas<\/p><\/li><li><p data-renderer-start-pos=\"4210\">sobre os hor\u00e1rios de visita<\/p><\/li><li><p data-renderer-start-pos=\"4228\">a fonte de chegada.<\/p><\/li><\/ul><p data-renderer-start-pos=\"4250\">Este s\u00edtio Web pode conter conte\u00fados incorporados de outras fontes. O descarregamento ou o acesso a conte\u00fados incorporados \u00e9 compar\u00e1vel a uma visita a um s\u00edtio Web de terceiros.<\/p><h4 id=\"Ker\u00e4ttyjen-tietojen-kohdentaminen-henkil\u00f6\u00f6n\" data-renderer-start-pos=\"4456\">Direcionar os dados recolhidos para uma pessoa<\/h4><p data-renderer-start-pos=\"4501\">Nenhum dos dados recolhidos pode ser atribu\u00eddo a indiv\u00edduos, uma vez que os endere\u00e7os IP e outras informa\u00e7\u00f5es de identifica\u00e7\u00e3o dos indiv\u00edduos foram removidos dos relat\u00f3rios. Os relat\u00f3rios do Google Analytics fornecem n\u00fameros indicativos sobre o n\u00famero de visitantes, informa\u00e7\u00f5es sobre os seus dispositivos e o seu comportamento neste s\u00edtio Web.<\/p>\t\t\t\t\t\t\t\t<\/div>\n\t\t\t\t<\/div>\n\t\t\t\t\t<\/div>\n\t\t\t\t<\/div>\n\t\t<div data-particle_enable=\"false\" data-particle-mobile-disabled=\"false\" class=\"elementor-element elementor-element-99328a6 e-con-full e-flex e-con e-parent\" data-id=\"99328a6\" data-element_type=\"container\" data-e-type=\"container\" data-settings=\"{&quot;background_background&quot;:&quot;classic&quot;}\">\n\t\t\t\t<div class=\"elementor-element elementor-element-6f52fa3 elementor-widget elementor-widget-heading\" data-id=\"6f52fa3\" data-element_type=\"widget\" data-e-type=\"widget\" data-widget_type=\"heading.default\">\n\t\t\t\t<div class=\"elementor-widget-container\">\n\t\t\t\t\t<h3 class=\"elementor-heading-title elementor-size-default\">Ver tamb\u00e9m:<\/h3>\t\t\t\t<\/div>\n\t\t\t\t<\/div>\n\t\t\t\t<\/div>\n\t\t<div data-particle_enable=\"false\" data-particle-mobile-disabled=\"false\" class=\"elementor-element elementor-element-43534b5 e-flex e-con-boxed e-con e-parent\" data-id=\"43534b5\" data-element_type=\"container\" data-e-type=\"container\" data-settings=\"{&quot;background_background&quot;:&quot;classic&quot;}\">\n\t\t\t\t\t<div class=\"e-con-inner\">\n\t\t<div data-particle_enable=\"false\" data-particle-mobile-disabled=\"false\" class=\"elementor-element elementor-element-0476574 e-con-full e-flex e-con e-child\" data-id=\"0476574\" data-element_type=\"container\" data-e-type=\"container\">\n\t\t\t\t<div class=\"elementor-element elementor-element-57559d5 elementor-align-center elementor-mobile-align-center elementor-widget-mobile__width-inherit elementor-tablet-align-left elementor-widget elementor-widget-button\" data-id=\"57559d5\" data-element_type=\"widget\" data-e-type=\"widget\" data-widget_type=\"button.default\">\n\t\t\t\t<div class=\"elementor-widget-container\">\n\t\t\t\t\t\t\t\t\t<div class=\"elementor-button-wrapper\">\n\t\t\t\t\t<a class=\"elementor-button elementor-button-link elementor-size-sm\" href=\"https:\/\/laplandvillas.com\/pt\/mokit-ruka\/\">\n\t\t\t\t\t\t<span class=\"elementor-button-content-wrapper\">\n\t\t\t\t\t\t\t\t\t<span class=\"elementor-button-text\">Casas de campo em Ruka<\/span>\n\t\t\t\t\t<\/span>\n\t\t\t\t\t<\/a>\n\t\t\t\t<\/div>\n\t\t\t\t\t\t\t\t<\/div>\n\t\t\t\t<\/div>\n\t\t\t\t<\/div>\n\t\t<div data-particle_enable=\"false\" data-particle-mobile-disabled=\"false\" class=\"elementor-element elementor-element-c9f69f5 e-con-full e-flex e-con e-child\" data-id=\"c9f69f5\" data-element_type=\"container\" data-e-type=\"container\">\n\t\t\t\t<div class=\"elementor-element elementor-element-19a39a8 elementor-align-center elementor-mobile-align-center elementor-widget-mobile__width-inherit elementor-tablet-align-left elementor-widget elementor-widget-button\" data-id=\"19a39a8\" data-element_type=\"widget\" data-e-type=\"widget\" data-widget_type=\"button.default\">\n\t\t\t\t<div class=\"elementor-widget-container\">\n\t\t\t\t\t\t\t\t\t<div class=\"elementor-button-wrapper\">\n\t\t\t\t\t<a class=\"elementor-button elementor-button-link elementor-size-sm\" href=\"https:\/\/laplandvillas.com\/pt\/mokit-pyha-luosto\/\">\n\t\t\t\t\t\t<span class=\"elementor-button-content-wrapper\">\n\t\t\t\t\t\t\t\t\t<span class=\"elementor-button-text\">Casas de campo Pyh\u00e4-Luostolla<\/span>\n\t\t\t\t\t<\/span>\n\t\t\t\t\t<\/a>\n\t\t\t\t<\/div>\n\t\t\t\t\t\t\t\t<\/div>\n\t\t\t\t<\/div>\n\t\t\t\t<\/div>\n\t\t<div data-particle_enable=\"false\" data-particle-mobile-disabled=\"false\" class=\"elementor-element elementor-element-c8e923e e-con-full e-flex e-con e-child\" data-id=\"c8e923e\" data-element_type=\"container\" data-e-type=\"container\">\n\t\t\t\t<div class=\"elementor-element elementor-element-dc161d5 elementor-align-center elementor-mobile-align-center elementor-widget-mobile__width-inherit elementor-tablet-align-center elementor-widget elementor-widget-button\" data-id=\"dc161d5\" data-element_type=\"widget\" data-e-type=\"widget\" data-widget_type=\"button.default\">\n\t\t\t\t<div class=\"elementor-widget-container\">\n\t\t\t\t\t\t\t\t\t<div class=\"elementor-button-wrapper\">\n\t\t\t\t\t<a class=\"elementor-button elementor-button-link elementor-size-sm\" href=\"https:\/\/laplandvillas.com\/pt\/#ajankohtaista\">\n\t\t\t\t\t\t<span class=\"elementor-button-content-wrapper\">\n\t\t\t\t\t\t\t\t\t<span class=\"elementor-button-text\">Novidades<\/span>\n\t\t\t\t\t<\/span>\n\t\t\t\t\t<\/a>\n\t\t\t\t<\/div>\n\t\t\t\t\t\t\t\t<\/div>\n\t\t\t\t<\/div>\n\t\t\t\t<\/div>\n\t\t\t\t\t<\/div>\n\t\t\t\t<\/div>\n\t\t\t\t<\/div>","protected":false},"excerpt":{"rendered":"<p>Lapland Villas Tietosuoja&shy;seloste Rekisteri- ja tietosuojaseloste T\u00e4m\u00e4 on Lapland Villasin EU:n yleisen tietosuoja-asetuksen (GDPR) mukainen rekisteri- ja tietosuojaseloste. Laadittu 29.04.2025. Rekisterinpit\u00e4j\u00e4 Lapland Chalets Oy +358415474077 Kiviniemen Rantatie 3 A, FIN-90810 Kiviniemi Tietosuojaan liittyv\u00e4t pyynn\u00f6t Tietosuojapyynn\u00f6ist\u00e4 vastaa\u00a0Louru Oy. Rekisterin nimi Lapland Villas verkkopalvelun k\u00e4ytt\u00e4j\u00e4rekisteri. Henkil\u00f6tietojen k\u00e4sittelyn tarkoitus Henkil\u00f6tietojen k\u00e4sittelyn tarkoitus on yhteydenpito asiakkaisiin, asiakassuhteen yll\u00e4pito ja [&hellip;]<\/p>\n","protected":false},"author":1,"featured_media":0,"parent":0,"menu_order":0,"comment_status":"closed","ping_status":"closed","template":"elementor_header_footer","meta":{"_acf_changed":false,"footnotes":""},"class_list":["post-2780","page","type-page","status-publish","hentry"],"acf":[],"_links":{"self":[{"href":"https:\/\/laplandvillas.com\/pt\/wp-json\/wp\/v2\/pages\/2780","targetHints":{"allow":["GET"]}}],"collection":[{"href":"https:\/\/laplandvillas.com\/pt\/wp-json\/wp\/v2\/pages"}],"about":[{"href":"https:\/\/laplandvillas.com\/pt\/wp-json\/wp\/v2\/types\/page"}],"author":[{"embeddable":true,"href":"https:\/\/laplandvillas.com\/pt\/wp-json\/wp\/v2\/users\/1"}],"replies":[{"embeddable":true,"href":"https:\/\/laplandvillas.com\/pt\/wp-json\/wp\/v2\/comments?post=2780"}],"version-history":[{"count":103,"href":"https:\/\/laplandvillas.com\/pt\/wp-json\/wp\/v2\/pages\/2780\/revisions"}],"predecessor-version":[{"id":4105,"href":"https:\/\/laplandvillas.com\/pt\/wp-json\/wp\/v2\/pages\/2780\/revisions\/4105"}],"wp:attachment":[{"href":"https:\/\/laplandvillas.com\/pt\/wp-json\/wp\/v2\/media?parent=2780"}],"curies":[{"name":"wp","href":"https:\/\/api.w.org\/{rel}","templated":true}]}}