{"id":2780,"date":"2025-04-28T10:28:20","date_gmt":"2025-04-28T07:28:20","guid":{"rendered":"https:\/\/laplandvillas.com\/?page_id=2780"},"modified":"2026-02-17T10:03:05","modified_gmt":"2026-02-17T08:03:05","slug":"informativa-sulla-privacy","status":"publish","type":"page","link":"https:\/\/laplandvillas.com\/it\/tietosuojaseloste\/","title":{"rendered":"Informativa sulla privacy"},"content":{"rendered":"<div data-elementor-type=\"wp-page\" data-elementor-id=\"2780\" class=\"elementor elementor-2780\" data-elementor-post-type=\"page\">\n\t\t\t\t<div data-particle_enable=\"false\" data-particle-mobile-disabled=\"false\" class=\"elementor-element elementor-element-759985cd e-con-full e-flex e-con e-parent\" data-id=\"759985cd\" data-element_type=\"container\" data-e-type=\"container\" data-settings=\"{&quot;background_background&quot;:&quot;classic&quot;,&quot;shape_divider_bottom&quot;:&quot;waves&quot;}\">\n\t\t\t\t<div class=\"elementor-shape elementor-shape-bottom\" aria-hidden=\"true\" data-negative=\"false\">\n\t\t\t<svg xmlns=\"http:\/\/www.w3.org\/2000\/svg\" viewbox=\"0 0 1000 100\" preserveaspectratio=\"none\">\n\t<path class=\"elementor-shape-fill\" d=\"M421.9,6.5c22.6-2.5,51.5,0.4,75.5,5.3c23.6,4.9,70.9,23.5,100.5,35.7c75.8,32.2,133.7,44.5,192.6,49.7\tc23.6,2.1,48.7,3.5,103.4-2.5c54.7-6,106.2-25.6,106.2-25.6V0H0v30.3c0,0,72,32.6,158.4,30.5c39.2-0.7,92.8-6.7,134-22.4\tc21.2-8.1,52.2-18.2,79.7-24.2C399.3,7.9,411.6,7.5,421.9,6.5z\"\/>\n<\/svg>\t\t<\/div>\n\t\t\t\t<div class=\"elementor-element elementor-element-df5f999 animated-fast elementor-invisible elementor-widget elementor-widget-heading\" data-id=\"df5f999\" data-element_type=\"widget\" data-e-type=\"widget\" data-settings=\"{&quot;_animation&quot;:&quot;fadeIn&quot;}\" data-widget_type=\"heading.default\">\n\t\t\t\t<div class=\"elementor-widget-container\">\n\t\t\t\t\t<h2 class=\"elementor-heading-title elementor-size-default\">Lapland Villas<\/h2>\t\t\t\t<\/div>\n\t\t\t\t<\/div>\n\t\t\t\t<div class=\"elementor-element elementor-element-8c58888 animated-fast elementor-invisible elementor-widget elementor-widget-heading\" data-id=\"8c58888\" data-element_type=\"widget\" data-e-type=\"widget\" data-settings=\"{&quot;_animation&quot;:&quot;fadeIn&quot;}\" data-widget_type=\"heading.default\">\n\t\t\t\t<div class=\"elementor-widget-container\">\n\t\t\t\t\t<h1 class=\"elementor-heading-title elementor-size-default\">Informativa sulla privacy<\/h1>\t\t\t\t<\/div>\n\t\t\t\t<\/div>\n\t\t\t\t<\/div>\n\t\t<div data-particle_enable=\"false\" data-particle-mobile-disabled=\"false\" class=\"elementor-element elementor-element-75db000a e-flex e-con-boxed e-con e-parent\" data-id=\"75db000a\" data-element_type=\"container\" data-e-type=\"container\" data-settings=\"{&quot;background_background&quot;:&quot;classic&quot;,&quot;shape_divider_bottom&quot;:&quot;waves&quot;}\">\n\t\t\t\t\t<div class=\"e-con-inner\">\n\t\t\t\t<div class=\"elementor-shape elementor-shape-bottom\" aria-hidden=\"true\" data-negative=\"false\">\n\t\t\t<svg xmlns=\"http:\/\/www.w3.org\/2000\/svg\" viewbox=\"0 0 1000 100\" preserveaspectratio=\"none\">\n\t<path class=\"elementor-shape-fill\" d=\"M421.9,6.5c22.6-2.5,51.5,0.4,75.5,5.3c23.6,4.9,70.9,23.5,100.5,35.7c75.8,32.2,133.7,44.5,192.6,49.7\tc23.6,2.1,48.7,3.5,103.4-2.5c54.7-6,106.2-25.6,106.2-25.6V0H0v30.3c0,0,72,32.6,158.4,30.5c39.2-0.7,92.8-6.7,134-22.4\tc21.2-8.1,52.2-18.2,79.7-24.2C399.3,7.9,411.6,7.5,421.9,6.5z\"\/>\n<\/svg>\t\t<\/div>\n\t\t\t\t<div class=\"elementor-element elementor-element-600e4b0 elementor-widget elementor-widget-text-editor\" data-id=\"600e4b0\" data-element_type=\"widget\" data-e-type=\"widget\" data-widget_type=\"text-editor.default\">\n\t\t\t\t<div class=\"elementor-widget-container\">\n\t\t\t\t\t\t\t\t\t<h3 id=\"Rekisteri--ja-tietosuojaseloste\" data-renderer-start-pos=\"167\">Registrazione e Informativa sulla privacy<\/h3><p data-renderer-start-pos=\"200\">Questa \u00e8 la dichiarazione sulla privacy e sulla protezione dei dati di Lapland Villas in conformit\u00e0 con il Regolamento generale sulla protezione dei dati dell'UE (GDPR). Stabilita il 29.04.2025.<\/p><h4 id=\"Rekisterinpit\u00e4j\u00e4\" data-renderer-start-pos=\"327\">Controllore<\/h4><p class=\"company-info__company-title org\">Lapponia Chalets Oy<\/p><p data-renderer-start-pos=\"360\">+358415474077<\/p><p data-renderer-start-pos=\"373\">Kiviniemi Rantatie 3 A, <br \/>FIN-90810 Kiviniemi<\/p><h4 id=\"Tietosuojaan-liittyv\u00e4t-pyynn\u00f6t\" data-renderer-start-pos=\"400\">Richieste relative alla protezione dei dati<\/h4><p data-renderer-start-pos=\"432\">Le richieste di protezione dei dati sono gestite da\u00a0<a href=\"https:\/\/louru.fi\/\" target=\"_blank\" rel=\"noopener\">Louru Oy<\/a>.<\/p><h4 id=\"Rekisterin-nimi\" data-renderer-start-pos=\"471\">Nome del registro<\/h4><p data-renderer-start-pos=\"488\">Registro degli utenti del servizio Lapland Villas online.<\/p><h4 id=\"Henkil\u00f6tietojen-k\u00e4sittelyn-tarkoitus\" data-renderer-start-pos=\"537\">Finalit\u00e0 del trattamento dei dati personali<\/h4><p data-renderer-start-pos=\"575\">Lo scopo del trattamento dei dati personali \u00e8 quello di contattare i clienti, mantenere le relazioni con i clienti e il marketing. Inoltre, le informazioni raccolte possono essere utilizzate per sviluppare il servizio online. I dati non saranno utilizzati per processi decisionali automatizzati o per la profilazione.<\/p><h4 id=\"Rekisterin-tietosis\u00e4lt\u00f6\" data-renderer-start-pos=\"826\">Contenuto dei dati del registro<\/h4><p data-renderer-start-pos=\"851\">I dati da registrare nel registro sono: Nome della persona, nome dell'azienda, informazioni di contatto (numero di telefono, indirizzo e-mail, indirizzo), indirizzi del sito web, informazioni sui servizi ordinati e sulle relative modifiche, informazioni sulla fatturazione, altre informazioni relative al rapporto con il cliente e ai servizi ordinati.<\/p><p data-renderer-start-pos=\"1145\">I dati saranno conservati per il momento.<\/p><h4 id=\"S\u00e4\u00e4nn\u00f6nmukaiset-tietol\u00e4hteet\" data-renderer-start-pos=\"1179\">Fonti di informazione regolari<\/h4><p data-renderer-start-pos=\"1209\">Le informazioni memorizzate nel registro sono ottenute dal cliente tramite e-mail, telefono, servizi di social media, contratti, incontri con i clienti e altre situazioni in cui il cliente rivela le proprie informazioni.<\/p><p data-renderer-start-pos=\"1423\">Le informazioni sui referenti di aziende e altre organizzazioni possono essere raccolte anche da fonti pubbliche come siti web, servizi di directory e altre aziende.<\/p><h4 id=\"Tietojen-siirto-EU:n-tai-ETA:n-ulkopuolelle\" data-renderer-start-pos=\"1594\">Trasferimento dei dati al di fuori dell'UE o del SEE<\/h4><p data-renderer-start-pos=\"1639\">I dati non vengono regolarmente divulgati ad altre parti. I dati possono essere pubblicati nella misura concordata con il cliente. I dati possono essere trasferiti dal titolare del trattamento anche al di fuori dell'UE o del SEE.<\/p><h4 id=\"Rekisterin-suojauksen-periaatteet\" data-renderer-start-pos=\"1857\">Principi per la protezione del registro<\/h4><p data-renderer-start-pos=\"1892\">Il responsabile del trattamento deve garantire che i dati memorizzati, i diritti di accesso al server e altre informazioni critiche per la sicurezza dei dati personali siano trattati in modo confidenziale e solo da dipendenti le cui mansioni lo prevedono.<\/p><h4 id=\"Riskit\" data-renderer-start-pos=\"2156\">I rischi<\/h4><p data-renderer-start-pos=\"2164\">I rischi legati ai dati personali includono le fughe di dati. I dati personali memorizzati nel registro sono protetti contro l'accesso non autorizzato, la distruzione accidentale o illegale, l'alterazione, la divulgazione, la trasmissione o altre forme illegali di trattamento.<\/p><h4 id=\"Tarkastusoikeus-ja-henkil\u00f6tietojen-k\u00e4sittelyyn-liittyv\u00e4t-oikeudet\" data-renderer-start-pos=\"2457\">Diritto di accesso e diritti relativi al trattamento dei dati personali<\/h4><p data-renderer-start-pos=\"2524\">Ogni persona iscritta nel registro ha il diritto di prendere visione dei dati registrati nel registro e di richiedere la correzione di eventuali dati inesatti o incompleti.<\/p><p data-renderer-start-pos=\"2716\">Se una persona desidera verificare i dati memorizzati che la riguardano, richiedere la rettifica o la cancellazione dei dati personali che la riguardano, la richiesta deve essere inviata per iscritto al responsabile del trattamento. Il responsabile del trattamento pu\u00f2, se necessario, chiedere al richiedente di dimostrare la propria identit\u00e0. Il responsabile del trattamento risponder\u00e0 al cliente entro i termini stabiliti dal Regolamento generale sulla protezione dei dati dell'UE (di norma, entro un mese).<\/p><h4 id=\"Ev\u00e4steet-ja-k\u00e4vij\u00e4seuranta\" data-renderer-start-pos=\"3117\">Cookie e tracciamento dei visitatori<\/h4><p data-renderer-start-pos=\"3145\">I dati e le statistiche dei visitatori del sito web vengono memorizzati tramite il servizio di analisi web Google Analytics sui server di Google, che possono trovarsi anche al di fuori del SEE (nei Paesi aderenti al Privacy Shield).<\/p><h4 id=\"Mit\u00e4-ev\u00e4steet-ovat?\" data-renderer-start-pos=\"3350\">Cosa sono i biscotti?<\/h4><p data-renderer-start-pos=\"3371\">I cookie sono piccoli file di testo che vengono memorizzati sul dispositivo dell'utente quando visita un sito web. A ogni visita, questi cookie vengono rinviati al sito web che li identifica. I cookie possono essere utilizzati, ad esempio, per identificare il dispositivo dell'utente, per memorizzare le scelte effettuate dall'utente sul sito web e per memorizzare le informazioni di accesso. I cookie possono essere utilizzati anche per il monitoraggio dei visitatori, ad esempio per migliorare l'esperienza dell'utente e la pubblicit\u00e0 mirata.<\/p><h4 id=\"Verkkosivustolla-k\u00e4ytett\u00e4v\u00e4t-ev\u00e4steet\" data-renderer-start-pos=\"3877\">Cookie utilizzati sul sito web<\/h4><p data-renderer-start-pos=\"3916\">Questo sito web utilizza Google Analytics, un servizio di analisi web che utilizza i cookie per tracciare i visitatori. I cookie di Google Analytics possono essere utilizzati per raccogliere informazioni quali<\/p><ul class=\"ak-ul\" data-indent-level=\"1\"><li><p data-renderer-start-pos=\"4113\">da<\/p><\/li><li><p data-renderer-start-pos=\"4127\">posizione<\/p><\/li><li><p data-renderer-start-pos=\"4142\">pagine visitate (su questo sito)<\/p><\/li><li><p data-renderer-start-pos=\"4187\">dai link aperti<\/p><\/li><li><p data-renderer-start-pos=\"4210\">sugli orari di visita<\/p><\/li><li><p data-renderer-start-pos=\"4228\">la fonte di arrivo.<\/p><\/li><\/ul><p data-renderer-start-pos=\"4250\">Questo sito web pu\u00f2 contenere contenuti incorporati da altre fonti. Scaricare o accedere al contenuto incorporato equivale a visitare un sito web di terzi.<\/p><h4 id=\"Ker\u00e4ttyjen-tietojen-kohdentaminen-henkil\u00f6\u00f6n\" data-renderer-start-pos=\"4456\">Indirizzare i dati raccolti a una persona<\/h4><p data-renderer-start-pos=\"4501\">Nessuno dei dati raccolti pu\u00f2 essere attribuito a persone fisiche, in quanto gli indirizzi IP e altre informazioni identificative delle persone sono stati rimossi dai rapporti. I rapporti di Google Analytics forniscono cifre indicative sul numero di visitatori, informazioni sui loro dispositivi e sul loro comportamento su questo sito web.<\/p>\t\t\t\t\t\t\t\t<\/div>\n\t\t\t\t<\/div>\n\t\t\t\t\t<\/div>\n\t\t\t\t<\/div>\n\t\t<div data-particle_enable=\"false\" data-particle-mobile-disabled=\"false\" class=\"elementor-element elementor-element-99328a6 e-con-full e-flex e-con e-parent\" data-id=\"99328a6\" data-element_type=\"container\" data-e-type=\"container\" data-settings=\"{&quot;background_background&quot;:&quot;classic&quot;}\">\n\t\t\t\t<div class=\"elementor-element elementor-element-6f52fa3 elementor-widget elementor-widget-heading\" data-id=\"6f52fa3\" data-element_type=\"widget\" data-e-type=\"widget\" data-widget_type=\"heading.default\">\n\t\t\t\t<div class=\"elementor-widget-container\">\n\t\t\t\t\t<h3 class=\"elementor-heading-title elementor-size-default\">Vedi anche:<\/h3>\t\t\t\t<\/div>\n\t\t\t\t<\/div>\n\t\t\t\t<\/div>\n\t\t<div data-particle_enable=\"false\" data-particle-mobile-disabled=\"false\" class=\"elementor-element elementor-element-43534b5 e-flex e-con-boxed e-con e-parent\" data-id=\"43534b5\" data-element_type=\"container\" data-e-type=\"container\" data-settings=\"{&quot;background_background&quot;:&quot;classic&quot;}\">\n\t\t\t\t\t<div class=\"e-con-inner\">\n\t\t<div data-particle_enable=\"false\" data-particle-mobile-disabled=\"false\" class=\"elementor-element elementor-element-0476574 e-con-full e-flex e-con e-child\" data-id=\"0476574\" data-element_type=\"container\" data-e-type=\"container\">\n\t\t\t\t<div class=\"elementor-element elementor-element-57559d5 elementor-align-center elementor-mobile-align-center elementor-widget-mobile__width-inherit elementor-tablet-align-left elementor-widget elementor-widget-button\" data-id=\"57559d5\" data-element_type=\"widget\" data-e-type=\"widget\" data-widget_type=\"button.default\">\n\t\t\t\t<div class=\"elementor-widget-container\">\n\t\t\t\t\t\t\t\t\t<div class=\"elementor-button-wrapper\">\n\t\t\t\t\t<a class=\"elementor-button elementor-button-link elementor-size-sm\" href=\"https:\/\/laplandvillas.com\/it\/mokit-ruka\/\">\n\t\t\t\t\t\t<span class=\"elementor-button-content-wrapper\">\n\t\t\t\t\t\t\t\t\t<span class=\"elementor-button-text\">Agriturismo a Ruka<\/span>\n\t\t\t\t\t<\/span>\n\t\t\t\t\t<\/a>\n\t\t\t\t<\/div>\n\t\t\t\t\t\t\t\t<\/div>\n\t\t\t\t<\/div>\n\t\t\t\t<\/div>\n\t\t<div data-particle_enable=\"false\" data-particle-mobile-disabled=\"false\" class=\"elementor-element elementor-element-c9f69f5 e-con-full e-flex e-con e-child\" data-id=\"c9f69f5\" data-element_type=\"container\" data-e-type=\"container\">\n\t\t\t\t<div class=\"elementor-element elementor-element-19a39a8 elementor-align-center elementor-mobile-align-center elementor-widget-mobile__width-inherit elementor-tablet-align-left elementor-widget elementor-widget-button\" data-id=\"19a39a8\" data-element_type=\"widget\" data-e-type=\"widget\" data-widget_type=\"button.default\">\n\t\t\t\t<div class=\"elementor-widget-container\">\n\t\t\t\t\t\t\t\t\t<div class=\"elementor-button-wrapper\">\n\t\t\t\t\t<a class=\"elementor-button elementor-button-link elementor-size-sm\" href=\"https:\/\/laplandvillas.com\/it\/mokit-pyha-luosto\/\">\n\t\t\t\t\t\t<span class=\"elementor-button-content-wrapper\">\n\t\t\t\t\t\t\t\t\t<span class=\"elementor-button-text\">Agriturismo Pyh\u00e4-Luostolla<\/span>\n\t\t\t\t\t<\/span>\n\t\t\t\t\t<\/a>\n\t\t\t\t<\/div>\n\t\t\t\t\t\t\t\t<\/div>\n\t\t\t\t<\/div>\n\t\t\t\t<\/div>\n\t\t<div data-particle_enable=\"false\" data-particle-mobile-disabled=\"false\" class=\"elementor-element elementor-element-c8e923e e-con-full e-flex e-con e-child\" data-id=\"c8e923e\" data-element_type=\"container\" data-e-type=\"container\">\n\t\t\t\t<div class=\"elementor-element elementor-element-dc161d5 elementor-align-center elementor-mobile-align-center elementor-widget-mobile__width-inherit elementor-tablet-align-center elementor-widget elementor-widget-button\" data-id=\"dc161d5\" data-element_type=\"widget\" data-e-type=\"widget\" data-widget_type=\"button.default\">\n\t\t\t\t<div class=\"elementor-widget-container\">\n\t\t\t\t\t\t\t\t\t<div class=\"elementor-button-wrapper\">\n\t\t\t\t\t<a class=\"elementor-button elementor-button-link elementor-size-sm\" href=\"https:\/\/laplandvillas.com\/it\/#ajankohtaista\">\n\t\t\t\t\t\t<span class=\"elementor-button-content-wrapper\">\n\t\t\t\t\t\t\t\t\t<span class=\"elementor-button-text\">Novit\u00e0<\/span>\n\t\t\t\t\t<\/span>\n\t\t\t\t\t<\/a>\n\t\t\t\t<\/div>\n\t\t\t\t\t\t\t\t<\/div>\n\t\t\t\t<\/div>\n\t\t\t\t<\/div>\n\t\t\t\t\t<\/div>\n\t\t\t\t<\/div>\n\t\t\t\t<\/div>","protected":false},"excerpt":{"rendered":"<p>Lapland Villas Tietosuoja&shy;seloste Rekisteri- ja tietosuojaseloste T\u00e4m\u00e4 on Lapland Villasin EU:n yleisen tietosuoja-asetuksen (GDPR) mukainen rekisteri- ja tietosuojaseloste. Laadittu 29.04.2025. Rekisterinpit\u00e4j\u00e4 Lapland Chalets Oy +358415474077 Kiviniemen Rantatie 3 A, FIN-90810 Kiviniemi Tietosuojaan liittyv\u00e4t pyynn\u00f6t Tietosuojapyynn\u00f6ist\u00e4 vastaa\u00a0Louru Oy. Rekisterin nimi Lapland Villas verkkopalvelun k\u00e4ytt\u00e4j\u00e4rekisteri. Henkil\u00f6tietojen k\u00e4sittelyn tarkoitus Henkil\u00f6tietojen k\u00e4sittelyn tarkoitus on yhteydenpito asiakkaisiin, asiakassuhteen yll\u00e4pito ja [&hellip;]<\/p>\n","protected":false},"author":1,"featured_media":0,"parent":0,"menu_order":0,"comment_status":"closed","ping_status":"closed","template":"elementor_header_footer","meta":{"_acf_changed":false,"footnotes":""},"class_list":["post-2780","page","type-page","status-publish","hentry"],"acf":[],"_links":{"self":[{"href":"https:\/\/laplandvillas.com\/it\/wp-json\/wp\/v2\/pages\/2780","targetHints":{"allow":["GET"]}}],"collection":[{"href":"https:\/\/laplandvillas.com\/it\/wp-json\/wp\/v2\/pages"}],"about":[{"href":"https:\/\/laplandvillas.com\/it\/wp-json\/wp\/v2\/types\/page"}],"author":[{"embeddable":true,"href":"https:\/\/laplandvillas.com\/it\/wp-json\/wp\/v2\/users\/1"}],"replies":[{"embeddable":true,"href":"https:\/\/laplandvillas.com\/it\/wp-json\/wp\/v2\/comments?post=2780"}],"version-history":[{"count":103,"href":"https:\/\/laplandvillas.com\/it\/wp-json\/wp\/v2\/pages\/2780\/revisions"}],"predecessor-version":[{"id":4105,"href":"https:\/\/laplandvillas.com\/it\/wp-json\/wp\/v2\/pages\/2780\/revisions\/4105"}],"wp:attachment":[{"href":"https:\/\/laplandvillas.com\/it\/wp-json\/wp\/v2\/media?parent=2780"}],"curies":[{"name":"wp","href":"https:\/\/api.w.org\/{rel}","templated":true}]}}