{"id":2780,"date":"2025-04-28T10:28:20","date_gmt":"2025-04-28T07:28:20","guid":{"rendered":"https:\/\/laplandvillas.com\/?page_id=2780"},"modified":"2026-02-17T10:03:05","modified_gmt":"2026-02-17T08:03:05","slug":"politique-de-confidentialite","status":"publish","type":"page","link":"https:\/\/laplandvillas.com\/fr\/tietosuojaseloste\/","title":{"rendered":"Politique de confidentialit\u00e9"},"content":{"rendered":"<div data-elementor-type=\"wp-page\" data-elementor-id=\"2780\" class=\"elementor elementor-2780\" data-elementor-post-type=\"page\">\n\t\t\t\t<div data-particle_enable=\"false\" data-particle-mobile-disabled=\"false\" class=\"elementor-element elementor-element-759985cd e-con-full e-flex e-con e-parent\" data-id=\"759985cd\" data-element_type=\"container\" data-e-type=\"container\" data-settings=\"{&quot;background_background&quot;:&quot;classic&quot;,&quot;shape_divider_bottom&quot;:&quot;waves&quot;}\">\n\t\t\t\t<div class=\"elementor-shape elementor-shape-bottom\" aria-hidden=\"true\" data-negative=\"false\">\n\t\t\t<svg xmlns=\"http:\/\/www.w3.org\/2000\/svg\" viewbox=\"0 0 1000 100\" preserveaspectratio=\"none\">\n\t<path class=\"elementor-shape-fill\" d=\"M421.9,6.5c22.6-2.5,51.5,0.4,75.5,5.3c23.6,4.9,70.9,23.5,100.5,35.7c75.8,32.2,133.7,44.5,192.6,49.7\tc23.6,2.1,48.7,3.5,103.4-2.5c54.7-6,106.2-25.6,106.2-25.6V0H0v30.3c0,0,72,32.6,158.4,30.5c39.2-0.7,92.8-6.7,134-22.4\tc21.2-8.1,52.2-18.2,79.7-24.2C399.3,7.9,411.6,7.5,421.9,6.5z\"\/>\n<\/svg>\t\t<\/div>\n\t\t\t\t<div class=\"elementor-element elementor-element-df5f999 animated-fast elementor-invisible elementor-widget elementor-widget-heading\" data-id=\"df5f999\" data-element_type=\"widget\" data-e-type=\"widget\" data-settings=\"{&quot;_animation&quot;:&quot;fadeIn&quot;}\" data-widget_type=\"heading.default\">\n\t\t\t\t<div class=\"elementor-widget-container\">\n\t\t\t\t\t<h2 class=\"elementor-heading-title elementor-size-default\">Lapland Villas<\/h2>\t\t\t\t<\/div>\n\t\t\t\t<\/div>\n\t\t\t\t<div class=\"elementor-element elementor-element-8c58888 animated-fast elementor-invisible elementor-widget elementor-widget-heading\" data-id=\"8c58888\" data-element_type=\"widget\" data-e-type=\"widget\" data-settings=\"{&quot;_animation&quot;:&quot;fadeIn&quot;}\" data-widget_type=\"heading.default\">\n\t\t\t\t<div class=\"elementor-widget-container\">\n\t\t\t\t\t<h1 class=\"elementor-heading-title elementor-size-default\">Politique de confidentialit\u00e9<\/h1>\t\t\t\t<\/div>\n\t\t\t\t<\/div>\n\t\t\t\t<\/div>\n\t\t<div data-particle_enable=\"false\" data-particle-mobile-disabled=\"false\" class=\"elementor-element elementor-element-75db000a e-flex e-con-boxed e-con e-parent\" data-id=\"75db000a\" data-element_type=\"container\" data-e-type=\"container\" data-settings=\"{&quot;background_background&quot;:&quot;classic&quot;,&quot;shape_divider_bottom&quot;:&quot;waves&quot;}\">\n\t\t\t\t\t<div class=\"e-con-inner\">\n\t\t\t\t<div class=\"elementor-shape elementor-shape-bottom\" aria-hidden=\"true\" data-negative=\"false\">\n\t\t\t<svg xmlns=\"http:\/\/www.w3.org\/2000\/svg\" viewbox=\"0 0 1000 100\" preserveaspectratio=\"none\">\n\t<path class=\"elementor-shape-fill\" d=\"M421.9,6.5c22.6-2.5,51.5,0.4,75.5,5.3c23.6,4.9,70.9,23.5,100.5,35.7c75.8,32.2,133.7,44.5,192.6,49.7\tc23.6,2.1,48.7,3.5,103.4-2.5c54.7-6,106.2-25.6,106.2-25.6V0H0v30.3c0,0,72,32.6,158.4,30.5c39.2-0.7,92.8-6.7,134-22.4\tc21.2-8.1,52.2-18.2,79.7-24.2C399.3,7.9,411.6,7.5,421.9,6.5z\"\/>\n<\/svg>\t\t<\/div>\n\t\t\t\t<div class=\"elementor-element elementor-element-600e4b0 elementor-widget elementor-widget-text-editor\" data-id=\"600e4b0\" data-element_type=\"widget\" data-e-type=\"widget\" data-widget_type=\"text-editor.default\">\n\t\t\t\t<div class=\"elementor-widget-container\">\n\t\t\t\t\t\t\t\t\t<h3 id=\"Rekisteri--ja-tietosuojaseloste\" data-renderer-start-pos=\"167\">Registre et politique de confidentialit\u00e9<\/h3><p data-renderer-start-pos=\"200\">Ceci est la d\u00e9claration de confidentialit\u00e9 et de protection des donn\u00e9es de Lapland Villas conform\u00e9ment au r\u00e8glement g\u00e9n\u00e9ral sur la protection des donn\u00e9es de l'UE (GDPR). \u00c9tablie le 29.04.2025.<\/p><h4 id=\"Rekisterinpit\u00e4j\u00e4\" data-renderer-start-pos=\"327\">Contr\u00f4leur<\/h4><p class=\"company-info__company-title org\">Lapland Chalets Oy<\/p><p data-renderer-start-pos=\"360\">+358415474077<\/p><p data-renderer-start-pos=\"373\">Kiviniemi Rantatie 3 A, <br \/>FIN-90810 Kiviniemi<\/p><h4 id=\"Tietosuojaan-liittyv\u00e4t-pyynn\u00f6t\" data-renderer-start-pos=\"400\">Demandes relatives \u00e0 la protection des donn\u00e9es<\/h4><p data-renderer-start-pos=\"432\">Les demandes de protection des donn\u00e9es sont trait\u00e9es par\u00a0<a href=\"https:\/\/louru.fi\/\" target=\"_blank\" rel=\"noopener\">Louru Oy<\/a>.<\/p><h4 id=\"Rekisterin-nimi\" data-renderer-start-pos=\"471\">Nom du registre<\/h4><p data-renderer-start-pos=\"488\">Registre des utilisateurs du service en ligne Lapland Villas.<\/p><h4 id=\"Henkil\u00f6tietojen-k\u00e4sittelyn-tarkoitus\" data-renderer-start-pos=\"537\">Finalit\u00e9 du traitement des donn\u00e9es \u00e0 caract\u00e8re personnel<\/h4><p data-renderer-start-pos=\"575\">Le traitement des donn\u00e9es personnelles a pour but de contacter les clients, d'entretenir les relations avec la client\u00e8le et de faire du marketing. En outre, les informations collect\u00e9es peuvent \u00eatre utilis\u00e9es pour d\u00e9velopper le service en ligne. Les donn\u00e9es ne seront pas utilis\u00e9es \u00e0 des fins de prise de d\u00e9cision automatis\u00e9e ou de profilage.<\/p><h4 id=\"Rekisterin-tietosis\u00e4lt\u00f6\" data-renderer-start-pos=\"826\">Contenu des donn\u00e9es du registre<\/h4><p data-renderer-start-pos=\"851\">Les donn\u00e9es \u00e0 enregistrer dans le registre sont les suivantes : Nom de la personne, nom de l'entreprise, coordonn\u00e9es (num\u00e9ro de t\u00e9l\u00e9phone, adresse \u00e9lectronique, adresse), adresses des sites web, informations sur les services command\u00e9s et leurs modifications, informations relatives \u00e0 la facturation, autres informations relatives \u00e0 la relation avec le client et aux services command\u00e9s.<\/p><p data-renderer-start-pos=\"1145\">Les donn\u00e9es seront conserv\u00e9es pendant un certain temps.<\/p><h4 id=\"S\u00e4\u00e4nn\u00f6nmukaiset-tietol\u00e4hteet\" data-renderer-start-pos=\"1179\">Sources d'information r\u00e9guli\u00e8res<\/h4><p data-renderer-start-pos=\"1209\">Les informations stock\u00e9es dans le registre sont obtenues aupr\u00e8s du client par courrier \u00e9lectronique, t\u00e9l\u00e9phone, services de m\u00e9dias sociaux, contrats, r\u00e9unions avec les clients et autres situations o\u00f9 le client divulgue ses informations.<\/p><p data-renderer-start-pos=\"1423\">Les informations sur les personnes de contact des entreprises et autres organisations peuvent \u00e9galement \u00eatre collect\u00e9es \u00e0 partir de sources publiques telles que les sites web, les services d'annuaire et d'autres entreprises.<\/p><h4 id=\"Tietojen-siirto-EU:n-tai-ETA:n-ulkopuolelle\" data-renderer-start-pos=\"1594\">Transfert de donn\u00e9es en dehors de l'UE ou de l'EEE<\/h4><p data-renderer-start-pos=\"1639\">Les donn\u00e9es ne sont pas r\u00e9guli\u00e8rement divulgu\u00e9es \u00e0 d'autres parties. Les donn\u00e9es peuvent \u00eatre publi\u00e9es dans la mesure convenue avec le client. Les donn\u00e9es peuvent \u00e9galement \u00eatre transf\u00e9r\u00e9es en dehors de l'UE ou de l'EEE par le responsable du traitement.<\/p><h4 id=\"Rekisterin-suojauksen-periaatteet\" data-renderer-start-pos=\"1857\">Principes de protection du registre<\/h4><p data-renderer-start-pos=\"1892\">Le responsable du traitement veille \u00e0 ce que les donn\u00e9es stock\u00e9es, les droits d'acc\u00e8s au serveur et les autres informations essentielles \u00e0 la s\u00e9curit\u00e9 des donn\u00e9es \u00e0 caract\u00e8re personnel soient trait\u00e9s de mani\u00e8re confidentielle et uniquement par les employ\u00e9s dont la description de poste le pr\u00e9voit.<\/p><h4 id=\"Riskit\" data-renderer-start-pos=\"2156\">Risques<\/h4><p data-renderer-start-pos=\"2164\">Les risques li\u00e9s aux donn\u00e9es personnelles comprennent les fuites de donn\u00e9es. Les donn\u00e9es personnelles stock\u00e9es dans le registre sont prot\u00e9g\u00e9es contre l'acc\u00e8s non autoris\u00e9, la destruction accidentelle ou ill\u00e9gale, l'alt\u00e9ration, la divulgation, la transmission ou d'autres formes ill\u00e9gales de traitement.<\/p><h4 id=\"Tarkastusoikeus-ja-henkil\u00f6tietojen-k\u00e4sittelyyn-liittyv\u00e4t-oikeudet\" data-renderer-start-pos=\"2457\">Droit d'acc\u00e8s et droits relatifs au traitement des donn\u00e9es personnelles<\/h4><p data-renderer-start-pos=\"2524\">Toute personne inscrite au registre a le droit de consulter les donn\u00e9es enregistr\u00e9es dans le registre et de demander la correction de toute donn\u00e9e inexacte ou incompl\u00e8te.<\/p><p data-renderer-start-pos=\"2716\">Si une personne souhaite v\u00e9rifier les donn\u00e9es stock\u00e9es \u00e0 son sujet, demander la rectification ou l'effacement des donn\u00e9es \u00e0 caract\u00e8re personnel la concernant, la demande doit \u00eatre adress\u00e9e par \u00e9crit au responsable du traitement. Le responsable du traitement peut, si n\u00e9cessaire, demander au demandeur de prouver son identit\u00e9. Le responsable du traitement r\u00e9pondra au client dans les d\u00e9lais fix\u00e9s par le r\u00e8glement g\u00e9n\u00e9ral sur la protection des donn\u00e9es de l'UE (en r\u00e8gle g\u00e9n\u00e9rale, dans un d\u00e9lai d'un mois).<\/p><h4 id=\"Ev\u00e4steet-ja-k\u00e4vij\u00e4seuranta\" data-renderer-start-pos=\"3117\">Cookies et suivi des visiteurs<\/h4><p data-renderer-start-pos=\"3145\">Les donn\u00e9es et statistiques relatives aux visiteurs du site sont stock\u00e9es via le service d'analyse web Google Analytics sur les serveurs de Google, qui peuvent \u00e9galement \u00eatre situ\u00e9s en dehors de l'EEE (dans les pays du bouclier de protection de la vie priv\u00e9e).<\/p><h4 id=\"Mit\u00e4-ev\u00e4steet-ovat?\" data-renderer-start-pos=\"3350\">Qu'est-ce qu'un biscuit ?<\/h4><p data-renderer-start-pos=\"3371\">Les cookies sont de petits fichiers texte qui sont stock\u00e9s sur l'appareil d'un utilisateur lorsqu'il visite un site web. \u00c0 chaque visite, ces cookies sont renvoy\u00e9s au site web qui les a identifi\u00e9s. Les cookies peuvent \u00eatre utilis\u00e9s, par exemple, pour identifier l'appareil de l'utilisateur, pour m\u00e9moriser les choix effectu\u00e9s par l'utilisateur sur le site web et pour stocker les informations de connexion. Les cookies peuvent \u00e9galement \u00eatre utilis\u00e9s pour le suivi des visiteurs, par exemple pour am\u00e9liorer l'exp\u00e9rience de l'utilisateur et cibler la publicit\u00e9.<\/p><h4 id=\"Verkkosivustolla-k\u00e4ytett\u00e4v\u00e4t-ev\u00e4steet\" data-renderer-start-pos=\"3877\">Cookies utilis\u00e9s sur le site web<\/h4><p data-renderer-start-pos=\"3916\">Ce site Web utilise Google Analytics, un service d'analyse du Web qui utilise des cookies pour suivre les visiteurs. Les cookies de Google Analytics peuvent \u00eatre utilis\u00e9s pour collecter des informations telles que<\/p><ul class=\"ak-ul\" data-indent-level=\"1\"><li><p data-renderer-start-pos=\"4113\">de<\/p><\/li><li><p data-renderer-start-pos=\"4127\">localisation<\/p><\/li><li><p data-renderer-start-pos=\"4142\">pages visit\u00e9es (sur ce site)<\/p><\/li><li><p data-renderer-start-pos=\"4187\">\u00e0 partir des liens ouverts<\/p><\/li><li><p data-renderer-start-pos=\"4210\">sur les heures de visite<\/p><\/li><li><p data-renderer-start-pos=\"4228\">la source d'arriv\u00e9e.<\/p><\/li><\/ul><p data-renderer-start-pos=\"4250\">Ce site web peut contenir du contenu int\u00e9gr\u00e9 provenant d'autres sources. Le t\u00e9l\u00e9chargement ou l'acc\u00e8s au contenu int\u00e9gr\u00e9 est comparable \u00e0 la visite d'un site web tiers.<\/p><h4 id=\"Ker\u00e4ttyjen-tietojen-kohdentaminen-henkil\u00f6\u00f6n\" data-renderer-start-pos=\"4456\">Cibler les donn\u00e9es collect\u00e9es sur une personne<\/h4><p data-renderer-start-pos=\"4501\">Aucune des donn\u00e9es collect\u00e9es ne peut \u00eatre attribu\u00e9e \u00e0 des personnes, \u00e9tant donn\u00e9 que les adresses IP et autres informations d'identification des personnes ont \u00e9t\u00e9 supprim\u00e9es des rapports. Les rapports de Google Analytics fournissent des chiffres indicatifs sur le nombre de visiteurs, des informations sur leurs appareils et leur comportement sur ce site web.<\/p>\t\t\t\t\t\t\t\t<\/div>\n\t\t\t\t<\/div>\n\t\t\t\t\t<\/div>\n\t\t\t\t<\/div>\n\t\t<div data-particle_enable=\"false\" data-particle-mobile-disabled=\"false\" class=\"elementor-element elementor-element-99328a6 e-con-full e-flex e-con e-parent\" data-id=\"99328a6\" data-element_type=\"container\" data-e-type=\"container\" data-settings=\"{&quot;background_background&quot;:&quot;classic&quot;}\">\n\t\t\t\t<div class=\"elementor-element elementor-element-6f52fa3 elementor-widget elementor-widget-heading\" data-id=\"6f52fa3\" data-element_type=\"widget\" data-e-type=\"widget\" data-widget_type=\"heading.default\">\n\t\t\t\t<div class=\"elementor-widget-container\">\n\t\t\t\t\t<h3 class=\"elementor-heading-title elementor-size-default\">Voir aussi<\/h3>\t\t\t\t<\/div>\n\t\t\t\t<\/div>\n\t\t\t\t<\/div>\n\t\t<div data-particle_enable=\"false\" data-particle-mobile-disabled=\"false\" class=\"elementor-element elementor-element-43534b5 e-flex e-con-boxed e-con e-parent\" data-id=\"43534b5\" data-element_type=\"container\" data-e-type=\"container\" data-settings=\"{&quot;background_background&quot;:&quot;classic&quot;}\">\n\t\t\t\t\t<div class=\"e-con-inner\">\n\t\t<div data-particle_enable=\"false\" data-particle-mobile-disabled=\"false\" class=\"elementor-element elementor-element-0476574 e-con-full e-flex e-con e-child\" data-id=\"0476574\" data-element_type=\"container\" data-e-type=\"container\">\n\t\t\t\t<div class=\"elementor-element elementor-element-57559d5 elementor-align-center elementor-mobile-align-center elementor-widget-mobile__width-inherit elementor-tablet-align-left elementor-widget elementor-widget-button\" data-id=\"57559d5\" data-element_type=\"widget\" data-e-type=\"widget\" data-widget_type=\"button.default\">\n\t\t\t\t<div class=\"elementor-widget-container\">\n\t\t\t\t\t\t\t\t\t<div class=\"elementor-button-wrapper\">\n\t\t\t\t\t<a class=\"elementor-button elementor-button-link elementor-size-sm\" href=\"https:\/\/laplandvillas.com\/fr\/mokit-ruka\/\">\n\t\t\t\t\t\t<span class=\"elementor-button-content-wrapper\">\n\t\t\t\t\t\t\t\t\t<span class=\"elementor-button-text\">Cottages \u00e0 Ruka<\/span>\n\t\t\t\t\t<\/span>\n\t\t\t\t\t<\/a>\n\t\t\t\t<\/div>\n\t\t\t\t\t\t\t\t<\/div>\n\t\t\t\t<\/div>\n\t\t\t\t<\/div>\n\t\t<div data-particle_enable=\"false\" data-particle-mobile-disabled=\"false\" class=\"elementor-element elementor-element-c9f69f5 e-con-full e-flex e-con e-child\" data-id=\"c9f69f5\" data-element_type=\"container\" data-e-type=\"container\">\n\t\t\t\t<div class=\"elementor-element elementor-element-19a39a8 elementor-align-center elementor-mobile-align-center elementor-widget-mobile__width-inherit elementor-tablet-align-left elementor-widget elementor-widget-button\" data-id=\"19a39a8\" data-element_type=\"widget\" data-e-type=\"widget\" data-widget_type=\"button.default\">\n\t\t\t\t<div class=\"elementor-widget-container\">\n\t\t\t\t\t\t\t\t\t<div class=\"elementor-button-wrapper\">\n\t\t\t\t\t<a class=\"elementor-button elementor-button-link elementor-size-sm\" href=\"https:\/\/laplandvillas.com\/fr\/mokit-pyha-luosto\/\">\n\t\t\t\t\t\t<span class=\"elementor-button-content-wrapper\">\n\t\t\t\t\t\t\t\t\t<span class=\"elementor-button-text\">Chalets Pyh\u00e4-Luostolla<\/span>\n\t\t\t\t\t<\/span>\n\t\t\t\t\t<\/a>\n\t\t\t\t<\/div>\n\t\t\t\t\t\t\t\t<\/div>\n\t\t\t\t<\/div>\n\t\t\t\t<\/div>\n\t\t<div data-particle_enable=\"false\" data-particle-mobile-disabled=\"false\" class=\"elementor-element elementor-element-c8e923e e-con-full e-flex e-con e-child\" data-id=\"c8e923e\" data-element_type=\"container\" data-e-type=\"container\">\n\t\t\t\t<div class=\"elementor-element elementor-element-dc161d5 elementor-align-center elementor-mobile-align-center elementor-widget-mobile__width-inherit elementor-tablet-align-center elementor-widget elementor-widget-button\" data-id=\"dc161d5\" data-element_type=\"widget\" data-e-type=\"widget\" data-widget_type=\"button.default\">\n\t\t\t\t<div class=\"elementor-widget-container\">\n\t\t\t\t\t\t\t\t\t<div class=\"elementor-button-wrapper\">\n\t\t\t\t\t<a class=\"elementor-button elementor-button-link elementor-size-sm\" href=\"https:\/\/laplandvillas.com\/fr\/#ajankohtaista\">\n\t\t\t\t\t\t<span class=\"elementor-button-content-wrapper\">\n\t\t\t\t\t\t\t\t\t<span class=\"elementor-button-text\">Actualit\u00e9s<\/span>\n\t\t\t\t\t<\/span>\n\t\t\t\t\t<\/a>\n\t\t\t\t<\/div>\n\t\t\t\t\t\t\t\t<\/div>\n\t\t\t\t<\/div>\n\t\t\t\t<\/div>\n\t\t\t\t\t<\/div>\n\t\t\t\t<\/div>\n\t\t\t\t<\/div>","protected":false},"excerpt":{"rendered":"<p>Lapland Villas Tietosuoja&shy;seloste Rekisteri- ja tietosuojaseloste T\u00e4m\u00e4 on Lapland Villasin EU:n yleisen tietosuoja-asetuksen (GDPR) mukainen rekisteri- ja tietosuojaseloste. Laadittu 29.04.2025. Rekisterinpit\u00e4j\u00e4 Lapland Chalets Oy +358415474077 Kiviniemen Rantatie 3 A, FIN-90810 Kiviniemi Tietosuojaan liittyv\u00e4t pyynn\u00f6t Tietosuojapyynn\u00f6ist\u00e4 vastaa\u00a0Louru Oy. Rekisterin nimi Lapland Villas verkkopalvelun k\u00e4ytt\u00e4j\u00e4rekisteri. Henkil\u00f6tietojen k\u00e4sittelyn tarkoitus Henkil\u00f6tietojen k\u00e4sittelyn tarkoitus on yhteydenpito asiakkaisiin, asiakassuhteen yll\u00e4pito ja [&hellip;]<\/p>\n","protected":false},"author":1,"featured_media":0,"parent":0,"menu_order":0,"comment_status":"closed","ping_status":"closed","template":"elementor_header_footer","meta":{"_acf_changed":false,"footnotes":""},"class_list":["post-2780","page","type-page","status-publish","hentry"],"acf":[],"_links":{"self":[{"href":"https:\/\/laplandvillas.com\/fr\/wp-json\/wp\/v2\/pages\/2780","targetHints":{"allow":["GET"]}}],"collection":[{"href":"https:\/\/laplandvillas.com\/fr\/wp-json\/wp\/v2\/pages"}],"about":[{"href":"https:\/\/laplandvillas.com\/fr\/wp-json\/wp\/v2\/types\/page"}],"author":[{"embeddable":true,"href":"https:\/\/laplandvillas.com\/fr\/wp-json\/wp\/v2\/users\/1"}],"replies":[{"embeddable":true,"href":"https:\/\/laplandvillas.com\/fr\/wp-json\/wp\/v2\/comments?post=2780"}],"version-history":[{"count":103,"href":"https:\/\/laplandvillas.com\/fr\/wp-json\/wp\/v2\/pages\/2780\/revisions"}],"predecessor-version":[{"id":4105,"href":"https:\/\/laplandvillas.com\/fr\/wp-json\/wp\/v2\/pages\/2780\/revisions\/4105"}],"wp:attachment":[{"href":"https:\/\/laplandvillas.com\/fr\/wp-json\/wp\/v2\/media?parent=2780"}],"curies":[{"name":"wp","href":"https:\/\/api.w.org\/{rel}","templated":true}]}}