{"id":2780,"date":"2025-04-28T10:28:20","date_gmt":"2025-04-28T07:28:20","guid":{"rendered":"https:\/\/laplandvillas.com\/?page_id=2780"},"modified":"2026-02-17T10:03:05","modified_gmt":"2026-02-17T08:03:05","slug":"datenschutzbestimmungen","status":"publish","type":"page","link":"https:\/\/laplandvillas.com\/de\/tietosuojaseloste\/","title":{"rendered":"Datenschutzbestimmungen"},"content":{"rendered":"<div data-elementor-type=\"wp-page\" data-elementor-id=\"2780\" class=\"elementor elementor-2780\" data-elementor-post-type=\"page\">\n\t\t\t\t<div data-particle_enable=\"false\" data-particle-mobile-disabled=\"false\" class=\"elementor-element elementor-element-759985cd e-con-full e-flex e-con e-parent\" data-id=\"759985cd\" data-element_type=\"container\" data-e-type=\"container\" data-settings=\"{&quot;background_background&quot;:&quot;classic&quot;,&quot;shape_divider_bottom&quot;:&quot;waves&quot;}\">\n\t\t\t\t<div class=\"elementor-shape elementor-shape-bottom\" aria-hidden=\"true\" data-negative=\"false\">\n\t\t\t<svg xmlns=\"http:\/\/www.w3.org\/2000\/svg\" viewbox=\"0 0 1000 100\" preserveaspectratio=\"none\">\n\t<path class=\"elementor-shape-fill\" d=\"M421.9,6.5c22.6-2.5,51.5,0.4,75.5,5.3c23.6,4.9,70.9,23.5,100.5,35.7c75.8,32.2,133.7,44.5,192.6,49.7\tc23.6,2.1,48.7,3.5,103.4-2.5c54.7-6,106.2-25.6,106.2-25.6V0H0v30.3c0,0,72,32.6,158.4,30.5c39.2-0.7,92.8-6.7,134-22.4\tc21.2-8.1,52.2-18.2,79.7-24.2C399.3,7.9,411.6,7.5,421.9,6.5z\"\/>\n<\/svg>\t\t<\/div>\n\t\t\t\t<div class=\"elementor-element elementor-element-df5f999 animated-fast elementor-invisible elementor-widget elementor-widget-heading\" data-id=\"df5f999\" data-element_type=\"widget\" data-e-type=\"widget\" data-settings=\"{&quot;_animation&quot;:&quot;fadeIn&quot;}\" data-widget_type=\"heading.default\">\n\t\t\t\t<div class=\"elementor-widget-container\">\n\t\t\t\t\t<h2 class=\"elementor-heading-title elementor-size-default\">Lapland Villas<\/h2>\t\t\t\t<\/div>\n\t\t\t\t<\/div>\n\t\t\t\t<div class=\"elementor-element elementor-element-8c58888 animated-fast elementor-invisible elementor-widget elementor-widget-heading\" data-id=\"8c58888\" data-element_type=\"widget\" data-e-type=\"widget\" data-settings=\"{&quot;_animation&quot;:&quot;fadeIn&quot;}\" data-widget_type=\"heading.default\">\n\t\t\t\t<div class=\"elementor-widget-container\">\n\t\t\t\t\t<h1 class=\"elementor-heading-title elementor-size-default\">Datenschutzbestimmungen<\/h1>\t\t\t\t<\/div>\n\t\t\t\t<\/div>\n\t\t\t\t<\/div>\n\t\t<div data-particle_enable=\"false\" data-particle-mobile-disabled=\"false\" class=\"elementor-element elementor-element-75db000a e-flex e-con-boxed e-con e-parent\" data-id=\"75db000a\" data-element_type=\"container\" data-e-type=\"container\" data-settings=\"{&quot;background_background&quot;:&quot;classic&quot;,&quot;shape_divider_bottom&quot;:&quot;waves&quot;}\">\n\t\t\t\t\t<div class=\"e-con-inner\">\n\t\t\t\t<div class=\"elementor-shape elementor-shape-bottom\" aria-hidden=\"true\" data-negative=\"false\">\n\t\t\t<svg xmlns=\"http:\/\/www.w3.org\/2000\/svg\" viewbox=\"0 0 1000 100\" preserveaspectratio=\"none\">\n\t<path class=\"elementor-shape-fill\" d=\"M421.9,6.5c22.6-2.5,51.5,0.4,75.5,5.3c23.6,4.9,70.9,23.5,100.5,35.7c75.8,32.2,133.7,44.5,192.6,49.7\tc23.6,2.1,48.7,3.5,103.4-2.5c54.7-6,106.2-25.6,106.2-25.6V0H0v30.3c0,0,72,32.6,158.4,30.5c39.2-0.7,92.8-6.7,134-22.4\tc21.2-8.1,52.2-18.2,79.7-24.2C399.3,7.9,411.6,7.5,421.9,6.5z\"\/>\n<\/svg>\t\t<\/div>\n\t\t\t\t<div class=\"elementor-element elementor-element-600e4b0 elementor-widget elementor-widget-text-editor\" data-id=\"600e4b0\" data-element_type=\"widget\" data-e-type=\"widget\" data-widget_type=\"text-editor.default\">\n\t\t\t\t<div class=\"elementor-widget-container\">\n\t\t\t\t\t\t\t\t\t<h3 id=\"Rekisteri--ja-tietosuojaseloste\" data-renderer-start-pos=\"167\">Register und Datenschutzbestimmungen<\/h3><p data-renderer-start-pos=\"200\">Dies ist die Lapland Villas-Datenschutzerkl\u00e4rung in \u00dcbereinstimmung mit der EU-Datenschutzgrundverordnung (GDPR). Aufgestellt am 29.04.2025.<\/p><h4 id=\"Rekisterinpit\u00e4j\u00e4\" data-renderer-start-pos=\"327\">Controller<\/h4><p class=\"company-info__company-title org\">Lappland Chalets Oy<\/p><p data-renderer-start-pos=\"360\">+358415474077<\/p><p data-renderer-start-pos=\"373\">Kiviniemi Rantatie 3 A, <br \/>FIN-90810 Kiviniemi<\/p><h4 id=\"Tietosuojaan-liittyv\u00e4t-pyynn\u00f6t\" data-renderer-start-pos=\"400\">Ersuchen im Zusammenhang mit dem Datenschutz<\/h4><p data-renderer-start-pos=\"432\">Anfragen zum Datenschutz werden bearbeitet von\u00a0<a href=\"https:\/\/louru.fi\/\" target=\"_blank\" rel=\"noopener\">Louru Oy<\/a>.<\/p><h4 id=\"Rekisterin-nimi\" data-renderer-start-pos=\"471\">Name des Registers<\/h4><p data-renderer-start-pos=\"488\">Lapland Villas Online-Register der Dienstleistungsnutzer.<\/p><h4 id=\"Henkil\u00f6tietojen-k\u00e4sittelyn-tarkoitus\" data-renderer-start-pos=\"537\">Zweck der Verarbeitung personenbezogener Daten<\/h4><p data-renderer-start-pos=\"575\">Der Zweck der Verarbeitung personenbezogener Daten ist die Kontaktaufnahme mit Kunden, die Pflege von Kundenbeziehungen und Marketing. Dar\u00fcber hinaus k\u00f6nnen die gesammelten Informationen verwendet werden, um den Online-Dienst zu entwickeln. Die Daten werden nicht f\u00fcr die automatisierte Entscheidungsfindung oder das Profiling verwendet.<\/p><h4 id=\"Rekisterin-tietosis\u00e4lt\u00f6\" data-renderer-start-pos=\"826\">Dateninhalt des Registers<\/h4><p data-renderer-start-pos=\"851\">Die im Register zu erfassenden Daten sind: Name der Person, Name des Unternehmens, Kontaktinformationen (Telefonnummer, E-Mail-Adresse, Adresse), Website-Adressen, Informationen \u00fcber bestellte Dienstleistungen und deren \u00c4nderungen, Rechnungsinformationen, sonstige Informationen im Zusammenhang mit der Kundenbeziehung und den bestellten Dienstleistungen.<\/p><p data-renderer-start-pos=\"1145\">Die Daten werden bis auf weiteres aufbewahrt.<\/p><h4 id=\"S\u00e4\u00e4nn\u00f6nmukaiset-tietol\u00e4hteet\" data-renderer-start-pos=\"1179\">Regelm\u00e4\u00dfige Informationsquellen<\/h4><p data-renderer-start-pos=\"1209\">Die im Register gespeicherten Informationen werden vom Kunden per E-Mail, Telefon, \u00fcber soziale Medien, Vertr\u00e4ge, Kundengespr\u00e4che und andere Situationen, in denen der Kunde seine Informationen preisgibt, eingeholt.<\/p><p data-renderer-start-pos=\"1423\">Informationen \u00fcber Kontaktpersonen von Unternehmen und anderen Organisationen k\u00f6nnen auch aus \u00f6ffentlichen Quellen wie Websites, Verzeichnisdiensten und anderen Unternehmen gesammelt werden.<\/p><h4 id=\"Tietojen-siirto-EU:n-tai-ETA:n-ulkopuolelle\" data-renderer-start-pos=\"1594\">\u00dcbermittlung von Daten au\u00dferhalb der EU oder des EWR<\/h4><p data-renderer-start-pos=\"1639\">Die Daten werden nicht regelm\u00e4\u00dfig an andere Parteien weitergegeben. Die Daten k\u00f6nnen in dem mit dem Kunden vereinbarten Umfang ver\u00f6ffentlicht werden. Der f\u00fcr die Verarbeitung Verantwortliche kann die Daten auch au\u00dferhalb der EU oder des EWR \u00fcbermitteln.<\/p><h4 id=\"Rekisterin-suojauksen-periaatteet\" data-renderer-start-pos=\"1857\">Grunds\u00e4tze f\u00fcr den Schutz des Registers<\/h4><p data-renderer-start-pos=\"1892\">Der f\u00fcr die Verarbeitung Verantwortliche stellt sicher, dass gespeicherte Daten, Serverzugriffsrechte und andere f\u00fcr die Sicherheit personenbezogener Daten kritische Informationen vertraulich und nur von Mitarbeitern behandelt werden, deren Stellenbeschreibung dies vorsieht.<\/p><h4 id=\"Riskit\" data-renderer-start-pos=\"2156\">Risiken<\/h4><p data-renderer-start-pos=\"2164\">Zu den Risiken im Zusammenhang mit personenbezogenen Daten geh\u00f6ren Datenlecks. Die im Register gespeicherten personenbezogenen Daten sind vor unbefugtem Zugriff, versehentlicher oder unrechtm\u00e4\u00dfiger Zerst\u00f6rung, \u00c4nderung, Offenlegung, \u00dcbertragung oder anderen unrechtm\u00e4\u00dfigen Formen der Verarbeitung gesch\u00fctzt.<\/p><h4 id=\"Tarkastusoikeus-ja-henkil\u00f6tietojen-k\u00e4sittelyyn-liittyv\u00e4t-oikeudet\" data-renderer-start-pos=\"2457\">Auskunftsrecht und Rechte in Bezug auf die Verarbeitung personenbezogener Daten<\/h4><p data-renderer-start-pos=\"2524\">Jede im Register aufgef\u00fchrte Person hat das Recht, die im Register gespeicherten Daten einzusehen und die Berichtigung von unrichtigen oder unvollst\u00e4ndigen Daten zu verlangen.<\/p><p data-renderer-start-pos=\"2716\">M\u00f6chte eine Person die \u00fcber sie gespeicherten Daten \u00fcberpr\u00fcfen, eine Berichtigung oder L\u00f6schung der sie betreffenden personenbezogenen Daten beantragen, so ist der Antrag schriftlich an den f\u00fcr die Verarbeitung Verantwortlichen zu richten. Der f\u00fcr die Verarbeitung Verantwortliche kann den Antragsteller erforderlichenfalls auffordern, seine Identit\u00e4t nachzuweisen. Der f\u00fcr die Verarbeitung Verantwortliche wird dem Kunden innerhalb der in der EU-Datenschutzgrundverordnung festgelegten Fristen (in der Regel innerhalb eines Monats) antworten.<\/p><h4 id=\"Ev\u00e4steet-ja-k\u00e4vij\u00e4seuranta\" data-renderer-start-pos=\"3117\">Cookies und Besucherverfolgung<\/h4><p data-renderer-start-pos=\"3145\">Daten und Statistiken \u00fcber Besucher der Website werden \u00fcber den Webanalysedienst Google Analytics auf Google-Servern gespeichert, die sich auch au\u00dferhalb des EWR (in L\u00e4ndern des Privacy Shield) befinden k\u00f6nnen.<\/p><h4 id=\"Mit\u00e4-ev\u00e4steet-ovat?\" data-renderer-start-pos=\"3350\">Was sind Cookies?<\/h4><p data-renderer-start-pos=\"3371\">Cookies sind kleine Textdateien, die auf dem Ger\u00e4t eines Nutzers gespeichert werden, wenn dieser eine Website besucht. Bei jedem Besuch werden diese Cookies an die Website zur\u00fcckgeschickt, die das Cookie identifiziert. Cookies k\u00f6nnen z. B. verwendet werden, um das Ger\u00e4t des Nutzers zu identifizieren, die vom Nutzer auf der Website getroffenen Entscheidungen zu speichern und Anmeldeinformationen zu speichern. Cookies k\u00f6nnen auch zur Nachverfolgung der Besucher verwendet werden, um beispielsweise die Benutzererfahrung zu verbessern und Werbung gezielt zu platzieren.<\/p><h4 id=\"Verkkosivustolla-k\u00e4ytett\u00e4v\u00e4t-ev\u00e4steet\" data-renderer-start-pos=\"3877\">Auf der Website verwendete Cookies<\/h4><p data-renderer-start-pos=\"3916\">Diese Website benutzt Google Analytics, einen Webanalysedienst, der Cookies verwendet, um Besucher zu verfolgen. Google-Analytics-Cookies k\u00f6nnen verwendet werden, um Informationen zu sammeln, wie zum Beispiel<\/p><ul class=\"ak-ul\" data-indent-level=\"1\"><li><p data-renderer-start-pos=\"4113\">von<\/p><\/li><li><p data-renderer-start-pos=\"4127\">Standort<\/p><\/li><li><p data-renderer-start-pos=\"4142\">besuchte Seiten (auf dieser Website)<\/p><\/li><li><p data-renderer-start-pos=\"4187\">von den offenen Links<\/p><\/li><li><p data-renderer-start-pos=\"4210\">\u00fcber die Besuchszeiten<\/p><\/li><li><p data-renderer-start-pos=\"4228\">die Quelle der Ankunft.<\/p><\/li><\/ul><p data-renderer-start-pos=\"4250\">Diese Website kann eingebettete Inhalte aus anderen Quellen enthalten. Das Herunterladen oder der Zugriff auf eingebettete Inhalte ist vergleichbar mit dem Besuch einer fremden Website.<\/p><h4 id=\"Ker\u00e4ttyjen-tietojen-kohdentaminen-henkil\u00f6\u00f6n\" data-renderer-start-pos=\"4456\">Zuordnung der gesammelten Daten zu einer Person<\/h4><p data-renderer-start-pos=\"4501\">Keine der gesammelten Daten kann einzelnen Personen zugeordnet werden, da die IP-Adressen und andere identifizierende Informationen von Personen aus den Berichten entfernt wurden. Die Google-Analytics-Berichte liefern indikative Zahlen \u00fcber die Anzahl der Besucher, Informationen \u00fcber ihre Ger\u00e4te und ihr Verhalten auf dieser Website.<\/p>\t\t\t\t\t\t\t\t<\/div>\n\t\t\t\t<\/div>\n\t\t\t\t\t<\/div>\n\t\t\t\t<\/div>\n\t\t<div data-particle_enable=\"false\" data-particle-mobile-disabled=\"false\" class=\"elementor-element elementor-element-99328a6 e-con-full e-flex e-con e-parent\" data-id=\"99328a6\" data-element_type=\"container\" data-e-type=\"container\" data-settings=\"{&quot;background_background&quot;:&quot;classic&quot;}\">\n\t\t\t\t<div class=\"elementor-element elementor-element-6f52fa3 elementor-widget elementor-widget-heading\" data-id=\"6f52fa3\" data-element_type=\"widget\" data-e-type=\"widget\" data-widget_type=\"heading.default\">\n\t\t\t\t<div class=\"elementor-widget-container\">\n\t\t\t\t\t<h3 class=\"elementor-heading-title elementor-size-default\">Siehe auch:<\/h3>\t\t\t\t<\/div>\n\t\t\t\t<\/div>\n\t\t\t\t<\/div>\n\t\t<div data-particle_enable=\"false\" data-particle-mobile-disabled=\"false\" class=\"elementor-element elementor-element-43534b5 e-flex e-con-boxed e-con e-parent\" data-id=\"43534b5\" data-element_type=\"container\" data-e-type=\"container\" data-settings=\"{&quot;background_background&quot;:&quot;classic&quot;}\">\n\t\t\t\t\t<div class=\"e-con-inner\">\n\t\t<div data-particle_enable=\"false\" data-particle-mobile-disabled=\"false\" class=\"elementor-element elementor-element-0476574 e-con-full e-flex e-con e-child\" data-id=\"0476574\" data-element_type=\"container\" data-e-type=\"container\">\n\t\t\t\t<div class=\"elementor-element elementor-element-57559d5 elementor-align-center elementor-mobile-align-center elementor-widget-mobile__width-inherit elementor-tablet-align-left elementor-widget elementor-widget-button\" data-id=\"57559d5\" data-element_type=\"widget\" data-e-type=\"widget\" data-widget_type=\"button.default\">\n\t\t\t\t<div class=\"elementor-widget-container\">\n\t\t\t\t\t\t\t\t\t<div class=\"elementor-button-wrapper\">\n\t\t\t\t\t<a class=\"elementor-button elementor-button-link elementor-size-sm\" href=\"https:\/\/laplandvillas.com\/de\/mokit-ruka\/\">\n\t\t\t\t\t\t<span class=\"elementor-button-content-wrapper\">\n\t\t\t\t\t\t\t\t\t<span class=\"elementor-button-text\">Ferienh\u00e4user in Ruka<\/span>\n\t\t\t\t\t<\/span>\n\t\t\t\t\t<\/a>\n\t\t\t\t<\/div>\n\t\t\t\t\t\t\t\t<\/div>\n\t\t\t\t<\/div>\n\t\t\t\t<\/div>\n\t\t<div data-particle_enable=\"false\" data-particle-mobile-disabled=\"false\" class=\"elementor-element elementor-element-c9f69f5 e-con-full e-flex e-con e-child\" data-id=\"c9f69f5\" data-element_type=\"container\" data-e-type=\"container\">\n\t\t\t\t<div class=\"elementor-element elementor-element-19a39a8 elementor-align-center elementor-mobile-align-center elementor-widget-mobile__width-inherit elementor-tablet-align-left elementor-widget elementor-widget-button\" data-id=\"19a39a8\" data-element_type=\"widget\" data-e-type=\"widget\" data-widget_type=\"button.default\">\n\t\t\t\t<div class=\"elementor-widget-container\">\n\t\t\t\t\t\t\t\t\t<div class=\"elementor-button-wrapper\">\n\t\t\t\t\t<a class=\"elementor-button elementor-button-link elementor-size-sm\" href=\"https:\/\/laplandvillas.com\/de\/mokit-pyha-luosto\/\">\n\t\t\t\t\t\t<span class=\"elementor-button-content-wrapper\">\n\t\t\t\t\t\t\t\t\t<span class=\"elementor-button-text\">Ferienh\u00e4user in Pyh\u00e4-Luostolla<\/span>\n\t\t\t\t\t<\/span>\n\t\t\t\t\t<\/a>\n\t\t\t\t<\/div>\n\t\t\t\t\t\t\t\t<\/div>\n\t\t\t\t<\/div>\n\t\t\t\t<\/div>\n\t\t<div data-particle_enable=\"false\" data-particle-mobile-disabled=\"false\" class=\"elementor-element elementor-element-c8e923e e-con-full e-flex e-con e-child\" data-id=\"c8e923e\" data-element_type=\"container\" data-e-type=\"container\">\n\t\t\t\t<div class=\"elementor-element elementor-element-dc161d5 elementor-align-center elementor-mobile-align-center elementor-widget-mobile__width-inherit elementor-tablet-align-center elementor-widget elementor-widget-button\" data-id=\"dc161d5\" data-element_type=\"widget\" data-e-type=\"widget\" data-widget_type=\"button.default\">\n\t\t\t\t<div class=\"elementor-widget-container\">\n\t\t\t\t\t\t\t\t\t<div class=\"elementor-button-wrapper\">\n\t\t\t\t\t<a class=\"elementor-button elementor-button-link elementor-size-sm\" href=\"https:\/\/laplandvillas.com\/de\/#ajankohtaista\">\n\t\t\t\t\t\t<span class=\"elementor-button-content-wrapper\">\n\t\t\t\t\t\t\t\t\t<span class=\"elementor-button-text\">Aktuelles<\/span>\n\t\t\t\t\t<\/span>\n\t\t\t\t\t<\/a>\n\t\t\t\t<\/div>\n\t\t\t\t\t\t\t\t<\/div>\n\t\t\t\t<\/div>\n\t\t\t\t<\/div>\n\t\t\t\t\t<\/div>\n\t\t\t\t<\/div>\n\t\t\t\t<\/div>","protected":false},"excerpt":{"rendered":"<p>Lapland Villas Tietosuoja&shy;seloste Rekisteri- ja tietosuojaseloste T\u00e4m\u00e4 on Lapland Villasin EU:n yleisen tietosuoja-asetuksen (GDPR) mukainen rekisteri- ja tietosuojaseloste. Laadittu 29.04.2025. Rekisterinpit\u00e4j\u00e4 Lapland Chalets Oy +358415474077 Kiviniemen Rantatie 3 A, FIN-90810 Kiviniemi Tietosuojaan liittyv\u00e4t pyynn\u00f6t Tietosuojapyynn\u00f6ist\u00e4 vastaa\u00a0Louru Oy. Rekisterin nimi Lapland Villas verkkopalvelun k\u00e4ytt\u00e4j\u00e4rekisteri. Henkil\u00f6tietojen k\u00e4sittelyn tarkoitus Henkil\u00f6tietojen k\u00e4sittelyn tarkoitus on yhteydenpito asiakkaisiin, asiakassuhteen yll\u00e4pito ja [&hellip;]<\/p>\n","protected":false},"author":1,"featured_media":0,"parent":0,"menu_order":0,"comment_status":"closed","ping_status":"closed","template":"elementor_header_footer","meta":{"_acf_changed":false,"footnotes":""},"class_list":["post-2780","page","type-page","status-publish","hentry"],"acf":[],"_links":{"self":[{"href":"https:\/\/laplandvillas.com\/de\/wp-json\/wp\/v2\/pages\/2780","targetHints":{"allow":["GET"]}}],"collection":[{"href":"https:\/\/laplandvillas.com\/de\/wp-json\/wp\/v2\/pages"}],"about":[{"href":"https:\/\/laplandvillas.com\/de\/wp-json\/wp\/v2\/types\/page"}],"author":[{"embeddable":true,"href":"https:\/\/laplandvillas.com\/de\/wp-json\/wp\/v2\/users\/1"}],"replies":[{"embeddable":true,"href":"https:\/\/laplandvillas.com\/de\/wp-json\/wp\/v2\/comments?post=2780"}],"version-history":[{"count":103,"href":"https:\/\/laplandvillas.com\/de\/wp-json\/wp\/v2\/pages\/2780\/revisions"}],"predecessor-version":[{"id":4105,"href":"https:\/\/laplandvillas.com\/de\/wp-json\/wp\/v2\/pages\/2780\/revisions\/4105"}],"wp:attachment":[{"href":"https:\/\/laplandvillas.com\/de\/wp-json\/wp\/v2\/media?parent=2780"}],"curies":[{"name":"wp","href":"https:\/\/api.w.org\/{rel}","templated":true}]}}